{"id":6908,"date":"2025-08-19T16:50:54","date_gmt":"2025-08-19T14:50:54","guid":{"rendered":"https:\/\/laroze.com\/contact\/"},"modified":"2025-08-19T16:50:55","modified_gmt":"2025-08-19T14:50:55","slug":"contact","status":"publish","type":"page","link":"https:\/\/laroze.com\/en\/contact\/","title":{"rendered":"Contact"},"content":{"rendered":"<div id='contact'  class='av-layout-grid-container av-ki8urcpd-182e6ced3e977820c80bf55b75a64126 entry-content-wrapper main_color av-flex-cells  avia-builder-el-0  el_before_av_one_half  avia-builder-el-first  av-cell-min-height av-cell-min-height-50  container_wrap fullsize'   data-av_minimum_height_pc='50'>\n\n<style type=\"text\/css\" data-created_by=\"avia_inline_auto\" id=\"style-css-av-ki8urvn4-ff2900d8637e27b2dce7ebf292e2bb34\">\n.flex_cell.av-ki8urvn4-ff2900d8637e27b2dce7ebf292e2bb34{\nvertical-align:bottom;\nbackground-color:rgba(0,51,59,0.35);\n}\n.responsive #top #wrap_all .flex_cell.av-ki8urvn4-ff2900d8637e27b2dce7ebf292e2bb34{\npadding:50px 50px 50px 50px !important;\n}\n<\/style>\n<div class='flex_cell av-ki8urvn4-ff2900d8637e27b2dce7ebf292e2bb34 av-gridrow-cell av_one_third no_margin  avia-builder-el-1  el_before_av_cell_two_third  avia-builder-el-first  content-align-bottom'  ><div class='flex_cell_inner'>\n<style type=\"text\/css\" data-created_by=\"avia_inline_auto\" id=\"style-css-av-ki76imsp-99a6f8ae5e033781d3ade197a10afa1c\">\n#top .av_textblock_section.av-ki76imsp-99a6f8ae5e033781d3ade197a10afa1c .avia_textblock{\ncolor:#ffffff;\n}\n<\/style>\n<section  class='av_textblock_section av-ki76imsp-99a6f8ae5e033781d3ade197a10afa1c '   itemscope=\"itemscope\" itemtype=\"https:\/\/schema.org\/CreativeWork\" ><div class='avia_textblock av_inherit_color'  itemprop=\"text\" ><h1>Contact<\/h1>\n<\/div><\/section>\n<\/div><\/div>\n<style type=\"text\/css\" data-created_by=\"avia_inline_auto\" id=\"style-css-av-76qkc-dc431c2cae2d20d6165a8809f96dc4ef\">\n.flex_cell.av-76qkc-dc431c2cae2d20d6165a8809f96dc4ef{\nvertical-align:top;\n}\n.responsive #top #wrap_all .flex_cell.av-76qkc-dc431c2cae2d20d6165a8809f96dc4ef{\npadding:30px 30px 30px 30px !important;\n}\n<\/style>\n<div class='flex_cell av-76qkc-dc431c2cae2d20d6165a8809f96dc4ef av-gridrow-cell av_two_third no_margin av-hide-on-mobile  avia-builder-el-3  el_after_av_cell_one_third  avia-builder-el-last  content-align-top'  ><div class='flex_cell_inner'><\/div><\/div><\/div><div id='after_grid_row_1'  class='main_color av_default_container_wrap container_wrap fullsize'  ><div class='container av-section-cont-open' ><div class='template-page content  av-content-full alpha units'><div class='post-entry post-entry-type-page post-entry-6908'><div class='entry-content-wrapper clearfix'><div class='flex_column_table av-ki8mulxg-45f0e4c65e9bc82f1dd799fab77081c0 sc-av_one_half av-equal-height-column-flextable'>\n<style type=\"text\/css\" data-created_by=\"avia_inline_auto\" id=\"style-css-av-ki8mulxg-45f0e4c65e9bc82f1dd799fab77081c0\">\n#top .flex_column_table.av-equal-height-column-flextable.av-ki8mulxg-45f0e4c65e9bc82f1dd799fab77081c0{\nmargin-top:0px;\nmargin-bottom:0px;\n}\n.flex_column.av-ki8mulxg-45f0e4c65e9bc82f1dd799fab77081c0{\nborder-radius:0px 0px 0px 0px;\npadding:5% 5% 5% 5%;\n}\n<\/style>\n<div  class='flex_column av-ki8mulxg-45f0e4c65e9bc82f1dd799fab77081c0 av_one_half  avia-builder-el-4  el_after_av_layout_row  el_before_av_three_fourth  avia-builder-el-first  first no_margin flex_column_table_cell av-equal-height-column av-align-top av-animated-generic fade-in  '     ><section  class='av_textblock_section av-ki76imsp-3-0013462e6160ef5cffd9a07b640d43d0 '   itemscope=\"itemscope\" itemtype=\"https:\/\/schema.org\/CreativeWork\" ><div class='avia_textblock'  itemprop=\"text\" ><h4><span style=\"text-decoration: underline;\">Contact:<\/span><\/h4>\n<h5><span style=\"color: #000000;\">Ch\u00e2teau Laroze<\/span><\/h5>\n<p>346 Route d&#8217;Orl\u00e9ans<br \/>BP61<br \/>FR-33330 Saint-\u00c9milion<br \/>France<\/p>\n<\/div><\/section><br \/>\n\n<style type=\"text\/css\" data-created_by=\"avia_inline_auto\" id=\"style-css-av-kmore6dz-2cca6a1ded6b7bb6a653fdbb5668800c\">\n.avia-image-container.av-kmore6dz-2cca6a1ded6b7bb6a653fdbb5668800c img.avia_image{\nbox-shadow:none;\n}\n.avia-image-container.av-kmore6dz-2cca6a1ded6b7bb6a653fdbb5668800c .av-image-caption-overlay-center{\ncolor:#ffffff;\n}\n<\/style>\n<div  class='avia-image-container av-kmore6dz-2cca6a1ded6b7bb6a653fdbb5668800c av-styling- avia-align-left  avia-builder-el-6  el_after_av_textblock  el_before_av_hr '   itemprop=\"image\" itemscope=\"itemscope\" itemtype=\"https:\/\/schema.org\/ImageObject\" ><div class=\"avia-image-container-inner\"><div class=\"avia-image-overlay-wrap\"><img decoding=\"async\" fetchpriority=\"high\" class='wp-image-4172 avia-img-lazy-loading-not-4172 avia_image ' src=\"https:\/\/laroze.com\/wp-content\/uploads\/2021\/02\/sep-laroze-2-300x19.png\" alt='' title=''  height=\"19\" width=\"300\"  itemprop=\"thumbnailUrl\" srcset=\"https:\/\/laroze.com\/wp-content\/uploads\/2021\/02\/sep-laroze-2-300x19.png 300w, https:\/\/laroze.com\/wp-content\/uploads\/2021\/02\/sep-laroze-2.png 488w\" sizes=\"(max-width: 300px) 100vw, 300px\" \/><\/div><\/div><\/div><br \/>\n\n<style type=\"text\/css\" data-created_by=\"avia_inline_auto\" id=\"style-css-av-kmorer96-fdd6207757560ac19b2d2390e4c7651a\">\n#top .hr.hr-invisible.av-kmorer96-fdd6207757560ac19b2d2390e4c7651a{\nheight:20px;\n}\n<\/style>\n<div  class='hr av-kmorer96-fdd6207757560ac19b2d2390e4c7651a hr-invisible  avia-builder-el-7  el_after_av_image  el_before_av_image '><span class='hr-inner '><span class=\"hr-inner-style\"><\/span><\/span><\/div><br \/>\n\n<style type=\"text\/css\" data-created_by=\"avia_inline_auto\" id=\"style-css-av-kmor6gcr-25d7d0eb480278c1c3b84c5142a42a32\">\n.avia-image-container.av-kmor6gcr-25d7d0eb480278c1c3b84c5142a42a32 img.avia_image{\nbox-shadow:none;\n}\n.avia-image-container.av-kmor6gcr-25d7d0eb480278c1c3b84c5142a42a32 .av-image-caption-overlay-center{\ncolor:#ffffff;\nfont-size:16px;\n}\n<\/style>\n<div  class='avia-image-container av-kmor6gcr-25d7d0eb480278c1c3b84c5142a42a32 av-styling-no-styling avia_animated_image av-animated-when-visible-95 fade-in avia-align-left  avia-builder-el-8  el_after_av_hr  el_before_av_hr '   itemprop=\"image\" itemscope=\"itemscope\" itemtype=\"https:\/\/schema.org\/ImageObject\" ><div class=\"avia-image-container-inner\"><div class=\"avia-image-overlay-wrap\"><img decoding=\"async\" fetchpriority=\"high\" class='wp-image-4223 avia-img-lazy-loading-not-4223 avia_image ' src=\"https:\/\/laroze.com\/wp-content\/uploads\/2021\/03\/sophie-1-180x180.jpg\" alt='' title='Sophie MERZEAUD'  height=\"180\" width=\"180\"  itemprop=\"thumbnailUrl\" srcset=\"https:\/\/laroze.com\/wp-content\/uploads\/2021\/03\/sophie-1-180x180.jpg 180w, https:\/\/laroze.com\/wp-content\/uploads\/2021\/03\/sophie-1-80x80.jpg 80w, https:\/\/laroze.com\/wp-content\/uploads\/2021\/03\/sophie-1-36x36.jpg 36w, https:\/\/laroze.com\/wp-content\/uploads\/2021\/03\/sophie-1-100x100.jpg 100w, https:\/\/laroze.com\/wp-content\/uploads\/2021\/03\/sophie-1.jpg 300w\" sizes=\"(max-width: 180px) 100vw, 180px\" \/><\/div><\/div><\/div><br \/>\n\n<style type=\"text\/css\" data-created_by=\"avia_inline_auto\" id=\"style-css-av-8q1tq-71aa71c739af4022717d3cb2468ad5b5\">\n#top .hr.hr-invisible.av-8q1tq-71aa71c739af4022717d3cb2468ad5b5{\nheight:20px;\n}\n<\/style>\n<div  class='hr av-8q1tq-71aa71c739af4022717d3cb2468ad5b5 hr-invisible  avia-builder-el-9  el_after_av_image  el_before_av_textblock '><span class='hr-inner '><span class=\"hr-inner-style\"><\/span><\/span><\/div><br \/>\n<section  class='av_textblock_section av-kmor6wg1-ca11cff8ff57318bf27822265aefc596 '   itemscope=\"itemscope\" itemtype=\"https:\/\/schema.org\/CreativeWork\" ><div class='avia_textblock'  itemprop=\"text\" ><p><strong>Sophie MERZEAUD<\/strong><br \/>Responsable administrative<\/p>\n<p>T\u00e9l 33 (0)5 57 24 79 79<br \/><a href=\"mailto:smerzeaud@laroze.com\">smerzeaud@laroze.com<\/a><\/p>\n<\/div><\/section><\/p><\/div><\/div><!--close column table wrapper. Autoclose: 1 --><\/p>\n\n<style type=\"text\/css\" data-created_by=\"avia_inline_auto\" id=\"style-css-av-ed9nw-2bc230173c49cbc3b2e589a8ca585074\">\n.flex_column.av-ed9nw-2bc230173c49cbc3b2e589a8ca585074{\nborder-radius:0px 0px 0px 0px;\npadding:5% 5% 5% 5%;\n}\n<\/style>\n<div  class='flex_column av-ed9nw-2bc230173c49cbc3b2e589a8ca585074 av_three_fourth  avia-builder-el-11  el_after_av_one_half  el_before_av_layout_row  avia-builder-el-last  first flex_column_div av-animated-generic fade-in  column-top-margin'     ><div id='avia-leaflet-map-1' class='av_leaflet_sc_main_wrap av-mbp6atse-d82b413346911ca975b7b7acf65fa3c0 av_leaflet_main_wrap'><div class='avia-leaflet-map-container avia-leaflet-map-sc'><div class=\"leaflet-map WPLeafletMap\" style=\"height:400px; width:100%;\"><\/div><script>\nwindow.WPLeafletMapPlugin = window.WPLeafletMapPlugin || [];\nwindow.WPLeafletMapPlugin.push(function WPLeafletMapShortcode() {\/*<script>*\/\nvar baseUrl = atob('aHR0cHM6Ly90aWxlLm9wZW5zdHJlZXRtYXAub3JnL3t6fS97eH0ve3l9LnBuZw==');\nvar base = (!baseUrl && window.MQ) ?\n    window.MQ.mapLayer() : L.tileLayer(baseUrl,\n        L.Util.extend({}, {\n            detectRetina: 0,\n        },\n        {\"subdomains\":\"abc\",\"noWrap\":false,\"maxZoom\":20}        )\n    );\n    var options = L.Util.extend({}, {\n        layers: [base],\n        attributionControl: false\n    },\n    {\"closePopupOnClick\":false,\"dragging\":true,\"keyboard\":true,\"tap\":false,\"zoomControl\":true,\"scrollWheelZoom\":true,\"doubleClickZoom\":false,\"fitBounds\":false,\"minZoom\":0,\"maxZoom\":20,\"maxBounds\":null,\"attribution\":\"<a href=\\\"http:\\\/\\\/leafletjs.com\\\" title=\\\"A JS library for interactive maps\\\">Leaflet<\\\/a>; \\u00a9 <a href=\\\"http:\\\/\\\/www.openstreetmap.org\\\/copyright\\\">OpenStreetMap<\\\/a> contributors\"},\n    {});\nwindow.WPLeafletMapPlugin.createMap(options).setView([44.903202,-0.175905],10);window.WPLeafletMapPlugin.createScale({});});<\/script><script>\nwindow.WPLeafletMapPlugin = window.WPLeafletMapPlugin || [];\nwindow.WPLeafletMapPlugin.push(function WPLeafletMarkerShortcode() {\/*<script>*\/\nvar map = window.WPLeafletMapPlugin.getCurrentMap();\nvar group = window.WPLeafletMapPlugin.getCurrentGroup();\nvar marker_options = window.WPLeafletMapPlugin.getIconOptions({\"draggable\":false});\nvar marker = L.marker(\n    [44.903202,-0.175905],\n    marker_options\n);\nvar is_image = map.is_image_map;\nif (marker_options.draggable) {\n    marker.on('dragend', function () {\n        var latlng = this.getLatLng();\n        var lat = latlng.lat;\n        var lng = latlng.lng;\n        if (is_image) {\n            console.log('leaflet-marker y=' + lat + ' x=' + lng);\n        } else {\n            console.log('leaflet-marker lat=' + lat + ' lng=' + lng);\n        }\n    });\n}\nmarker.addTo( group );\nwindow.WPLeafletMapPlugin.markers.push( marker );\n        });<\/script><\/div><\/div><\/div>\n<\/div><\/div><\/div><!-- close content main div --><\/div><\/div><div id='av-layout-grid-2'  class='av-layout-grid-container av-9939g-0e6d181eb342c32033ca246ba73cf35e entry-content-wrapper main_color av-flex-cells  avia-builder-el-13  el_after_av_three_fourth  el_before_av_layout_row  grid-row-not-first av-small-hide av-mini-hide container_wrap fullsize'  >\n\n<style type=\"text\/css\" data-created_by=\"avia_inline_auto\" id=\"style-css-av-ki8yfzdz-fdfd6b33e25501fd59294170a52b74b6\">\n.flex_cell.av-ki8yfzdz-fdfd6b33e25501fd59294170a52b74b6{\nvertical-align:top;\nbackground-color:rgba(236,222,187,0.2);\n}\n.responsive #top #wrap_all .flex_cell.av-ki8yfzdz-fdfd6b33e25501fd59294170a52b74b6{\npadding:25px 25px 25px 25px !important;\n}\n<\/style>\n<div class='flex_cell av-ki8yfzdz-fdfd6b33e25501fd59294170a52b74b6 av-gridrow-cell av_one_full no_margin  avia-builder-el-14  avia-builder-el-no-sibling  content-align-top'  ><div class='flex_cell_inner'><\/div><\/div>\n<\/div>\n<div id='av-layout-grid-3'  class='av-layout-grid-container av-9939g-2-2f4ad79c31c8334d43e239d273f54bbe entry-content-wrapper main_color av-flex-cells  avia-builder-el-15  el_after_av_layout_row  avia-builder-el-last  grid-row-not-first av-small-hide av-mini-hide container_wrap fullsize'  >\n\n<style type=\"text\/css\" data-created_by=\"avia_inline_auto\" id=\"style-css-av-ki8yfzdz-1-4b20398dd39c6b11064c829df559f926\">\n.flex_cell.av-ki8yfzdz-1-4b20398dd39c6b11064c829df559f926{\nvertical-align:top;\nbackground:url(https:\/\/laroze.com\/wp-content\/uploads\/2020\/12\/frise5-1.png) 50% 100% repeat-x scroll rgba(236,222,187,0.2);\n}\n.responsive #top #wrap_all .flex_cell.av-ki8yfzdz-1-4b20398dd39c6b11064c829df559f926{\npadding:25px 25px 25px 25px !important;\n}\n<\/style>\n<div class='flex_cell av-ki8yfzdz-1-4b20398dd39c6b11064c829df559f926 av-gridrow-cell av_one_full no_margin  avia-builder-el-16  avia-builder-el-no-sibling  content-align-top'  ><div class='flex_cell_inner'><\/div><\/div>\n<\/div>\n","protected":false},"excerpt":{"rendered":"","protected":false},"author":1,"featured_media":0,"parent":0,"menu_order":0,"comment_status":"closed","ping_status":"closed","template":"","meta":{"footnotes":""},"class_list":["post-6908","page","type-page","status-publish","hentry"],"yoast_head":"<!-- This site is optimized with the Yoast SEO plugin v27.5 - https:\/\/yoast.com\/product\/yoast-seo-wordpress\/ -->\n<title>Contact | Ch\u00e2teau Laroze<\/title>\n<meta name=\"robots\" content=\"index, follow, max-snippet:-1, max-image-preview:large, max-video-preview:-1\" \/>\n<link rel=\"canonical\" href=\"https:\/\/laroze.com\/en\/contact\/\" \/>\n<meta property=\"og:locale\" content=\"en_US\" \/>\n<meta property=\"og:type\" content=\"article\" \/>\n<meta property=\"og:title\" content=\"Contact | Ch\u00e2teau Laroze\" \/>\n<meta property=\"og:url\" content=\"https:\/\/laroze.com\/en\/contact\/\" \/>\n<meta property=\"og:site_name\" content=\"Ch\u00e2teau Laroze\" \/>\n<meta property=\"article:publisher\" content=\"https:\/\/www.facebook.com\/ChateauLarozeFamilleGurchyMeslin\" \/>\n<meta property=\"article:modified_time\" content=\"2025-08-19T14:50:55+00:00\" \/>\n<meta property=\"og:image\" content=\"https:\/\/laroze.com\/wp-content\/uploads\/2021\/02\/logo-laroze-1.png\" \/>\n\t<meta property=\"og:image:width\" content=\"340\" \/>\n\t<meta property=\"og:image:height\" content=\"120\" \/>\n\t<meta property=\"og:image:type\" content=\"image\/png\" \/>\n<meta name=\"twitter:card\" content=\"summary_large_image\" \/>\n<meta name=\"twitter:label1\" content=\"Est. reading time\" \/>\n\t<meta name=\"twitter:data1\" content=\"7 minutes\" \/>\n<script type=\"application\/ld+json\" class=\"yoast-schema-graph\">{\"@context\":\"https:\\\/\\\/schema.org\",\"@graph\":[{\"@type\":\"WebPage\",\"@id\":\"https:\\\/\\\/laroze.com\\\/en\\\/contact\\\/\",\"url\":\"https:\\\/\\\/laroze.com\\\/en\\\/contact\\\/\",\"name\":\"Contact | Ch\u00e2teau Laroze\",\"isPartOf\":{\"@id\":\"https:\\\/\\\/laroze.com\\\/en\\\/#website\"},\"datePublished\":\"2025-08-19T14:50:54+00:00\",\"dateModified\":\"2025-08-19T14:50:55+00:00\",\"breadcrumb\":{\"@id\":\"https:\\\/\\\/laroze.com\\\/en\\\/contact\\\/#breadcrumb\"},\"inLanguage\":\"en-US\",\"potentialAction\":[{\"@type\":\"ReadAction\",\"target\":[\"https:\\\/\\\/laroze.com\\\/en\\\/contact\\\/\"]}]},{\"@type\":\"BreadcrumbList\",\"@id\":\"https:\\\/\\\/laroze.com\\\/en\\\/contact\\\/#breadcrumb\",\"itemListElement\":[{\"@type\":\"ListItem\",\"position\":1,\"name\":\"Accueil\",\"item\":\"https:\\\/\\\/laroze.com\\\/en\\\/\"},{\"@type\":\"ListItem\",\"position\":2,\"name\":\"Contact\"}]},{\"@type\":\"WebSite\",\"@id\":\"https:\\\/\\\/laroze.com\\\/en\\\/#website\",\"url\":\"https:\\\/\\\/laroze.com\\\/en\\\/\",\"name\":\"Ch\u00e2teau Laroze\",\"description\":\"Saint \u00c9milion Grand Cru Class\u00e9\",\"publisher\":{\"@id\":\"https:\\\/\\\/laroze.com\\\/en\\\/#organization\"},\"potentialAction\":[{\"@type\":\"SearchAction\",\"target\":{\"@type\":\"EntryPoint\",\"urlTemplate\":\"https:\\\/\\\/laroze.com\\\/en\\\/?s={search_term_string}\"},\"query-input\":{\"@type\":\"PropertyValueSpecification\",\"valueRequired\":true,\"valueName\":\"search_term_string\"}}],\"inLanguage\":\"en-US\"},{\"@type\":\"Organization\",\"@id\":\"https:\\\/\\\/laroze.com\\\/en\\\/#organization\",\"name\":\"Ch\u00e2teau Laroze\",\"url\":\"https:\\\/\\\/laroze.com\\\/en\\\/\",\"logo\":{\"@type\":\"ImageObject\",\"inLanguage\":\"en-US\",\"@id\":\"https:\\\/\\\/laroze.com\\\/en\\\/#\\\/schema\\\/logo\\\/image\\\/\",\"url\":\"https:\\\/\\\/laroze.com\\\/wp-content\\\/uploads\\\/2021\\\/02\\\/logo-laroze-1.png\",\"contentUrl\":\"https:\\\/\\\/laroze.com\\\/wp-content\\\/uploads\\\/2021\\\/02\\\/logo-laroze-1.png\",\"width\":340,\"height\":120,\"caption\":\"Ch\u00e2teau Laroze\"},\"image\":{\"@id\":\"https:\\\/\\\/laroze.com\\\/en\\\/#\\\/schema\\\/logo\\\/image\\\/\"},\"sameAs\":[\"https:\\\/\\\/www.facebook.com\\\/ChateauLarozeFamilleGurchyMeslin\",\"https:\\\/\\\/www.instagram.com\\\/chateaularoze\\\/\",\"https:\\\/\\\/www.linkedin.com\\\/company\\\/chateau-laroze\\\/\",\"https:\\\/\\\/www.youtube.com\\\/channel\\\/UCxfXrxdDM0ZaMeZknKG5nog\"]}]}<\/script>\n<!-- \/ Yoast SEO plugin. -->","yoast_head_json":{"title":"Contact | Ch\u00e2teau Laroze","robots":{"index":"index","follow":"follow","max-snippet":"max-snippet:-1","max-image-preview":"max-image-preview:large","max-video-preview":"max-video-preview:-1"},"canonical":"https:\/\/laroze.com\/en\/contact\/","og_locale":"en_US","og_type":"article","og_title":"Contact | Ch\u00e2teau Laroze","og_url":"https:\/\/laroze.com\/en\/contact\/","og_site_name":"Ch\u00e2teau Laroze","article_publisher":"https:\/\/www.facebook.com\/ChateauLarozeFamilleGurchyMeslin","article_modified_time":"2025-08-19T14:50:55+00:00","og_image":[{"width":340,"height":120,"url":"https:\/\/laroze.com\/wp-content\/uploads\/2021\/02\/logo-laroze-1.png","type":"image\/png"}],"twitter_card":"summary_large_image","twitter_misc":{"Est. reading time":"7 minutes"},"schema":{"@context":"https:\/\/schema.org","@graph":[{"@type":"WebPage","@id":"https:\/\/laroze.com\/en\/contact\/","url":"https:\/\/laroze.com\/en\/contact\/","name":"Contact | Ch\u00e2teau Laroze","isPartOf":{"@id":"https:\/\/laroze.com\/en\/#website"},"datePublished":"2025-08-19T14:50:54+00:00","dateModified":"2025-08-19T14:50:55+00:00","breadcrumb":{"@id":"https:\/\/laroze.com\/en\/contact\/#breadcrumb"},"inLanguage":"en-US","potentialAction":[{"@type":"ReadAction","target":["https:\/\/laroze.com\/en\/contact\/"]}]},{"@type":"BreadcrumbList","@id":"https:\/\/laroze.com\/en\/contact\/#breadcrumb","itemListElement":[{"@type":"ListItem","position":1,"name":"Accueil","item":"https:\/\/laroze.com\/en\/"},{"@type":"ListItem","position":2,"name":"Contact"}]},{"@type":"WebSite","@id":"https:\/\/laroze.com\/en\/#website","url":"https:\/\/laroze.com\/en\/","name":"Ch\u00e2teau Laroze","description":"Saint \u00c9milion Grand Cru Class\u00e9","publisher":{"@id":"https:\/\/laroze.com\/en\/#organization"},"potentialAction":[{"@type":"SearchAction","target":{"@type":"EntryPoint","urlTemplate":"https:\/\/laroze.com\/en\/?s={search_term_string}"},"query-input":{"@type":"PropertyValueSpecification","valueRequired":true,"valueName":"search_term_string"}}],"inLanguage":"en-US"},{"@type":"Organization","@id":"https:\/\/laroze.com\/en\/#organization","name":"Ch\u00e2teau Laroze","url":"https:\/\/laroze.com\/en\/","logo":{"@type":"ImageObject","inLanguage":"en-US","@id":"https:\/\/laroze.com\/en\/#\/schema\/logo\/image\/","url":"https:\/\/laroze.com\/wp-content\/uploads\/2021\/02\/logo-laroze-1.png","contentUrl":"https:\/\/laroze.com\/wp-content\/uploads\/2021\/02\/logo-laroze-1.png","width":340,"height":120,"caption":"Ch\u00e2teau Laroze"},"image":{"@id":"https:\/\/laroze.com\/en\/#\/schema\/logo\/image\/"},"sameAs":["https:\/\/www.facebook.com\/ChateauLarozeFamilleGurchyMeslin","https:\/\/www.instagram.com\/chateaularoze\/","https:\/\/www.linkedin.com\/company\/chateau-laroze\/","https:\/\/www.youtube.com\/channel\/UCxfXrxdDM0ZaMeZknKG5nog"]}]}},"_links":{"self":[{"href":"https:\/\/laroze.com\/en\/wp-json\/wp\/v2\/pages\/6908","targetHints":{"allow":["GET"]}}],"collection":[{"href":"https:\/\/laroze.com\/en\/wp-json\/wp\/v2\/pages"}],"about":[{"href":"https:\/\/laroze.com\/en\/wp-json\/wp\/v2\/types\/page"}],"author":[{"embeddable":true,"href":"https:\/\/laroze.com\/en\/wp-json\/wp\/v2\/users\/1"}],"replies":[{"embeddable":true,"href":"https:\/\/laroze.com\/en\/wp-json\/wp\/v2\/comments?post=6908"}],"version-history":[{"count":0,"href":"https:\/\/laroze.com\/en\/wp-json\/wp\/v2\/pages\/6908\/revisions"}],"wp:attachment":[{"href":"https:\/\/laroze.com\/en\/wp-json\/wp\/v2\/media?parent=6908"}],"curies":[{"name":"wp","href":"https:\/\/api.w.org\/{rel}","templated":true}]}}