{"id":5073,"date":"2023-04-16T16:11:55","date_gmt":"2023-04-16T14:11:55","guid":{"rendered":"https:\/\/laroze.com\/nos-videos\/"},"modified":"2023-04-17T18:49:53","modified_gmt":"2023-04-17T16:49:53","slug":"our-videos","status":"publish","type":"page","link":"https:\/\/laroze.com\/en\/our-videos\/","title":{"rendered":"Our videos"},"content":{"rendered":"<div id='les-secrets'  class='av-layout-grid-container av-ki8urcpd-a4c57783e37edbd1ce3df2e3791877bd entry-content-wrapper main_color av-flex-cells  avia-builder-el-0  el_before_av_section  avia-builder-el-first  av-cell-min-height av-cell-min-height-50  container_wrap fullsize'   data-av_minimum_height_pc='50'>\n\n<style type=\"text\/css\" data-created_by=\"avia_inline_auto\" id=\"style-css-av-ki8urvn4-ff2900d8637e27b2dce7ebf292e2bb34\">\n.flex_cell.av-ki8urvn4-ff2900d8637e27b2dce7ebf292e2bb34{\nvertical-align:bottom;\nbackground-color:rgba(0,51,59,0.35);\n}\n.responsive #top #wrap_all .flex_cell.av-ki8urvn4-ff2900d8637e27b2dce7ebf292e2bb34{\npadding:50px 50px 50px 50px !important;\n}\n<\/style>\n<div class='flex_cell av-ki8urvn4-ff2900d8637e27b2dce7ebf292e2bb34 av-gridrow-cell av_one_half no_margin  avia-builder-el-1  el_before_av_cell_one_half  avia-builder-el-first  content-align-bottom'  ><div class='flex_cell_inner'>\n<style type=\"text\/css\" data-created_by=\"avia_inline_auto\" id=\"style-css-av-ki76imsp-b6cafb8b1dcc57de00df9799a21336b2\">\n#top .av_textblock_section.av-ki76imsp-b6cafb8b1dcc57de00df9799a21336b2 .avia_textblock{\ncolor:#ffffff;\n}\n<\/style>\n<section  class='av_textblock_section av-ki76imsp-b6cafb8b1dcc57de00df9799a21336b2 '   itemscope=\"itemscope\" itemtype=\"https:\/\/schema.org\/CreativeWork\" ><div class='avia_textblock av_inherit_color'  itemprop=\"text\" ><h1>Our videos<\/h1>\n<\/div><\/section>\n<\/div><\/div>\n<style type=\"text\/css\" data-created_by=\"avia_inline_auto\" id=\"style-css-av-76qkc-dc431c2cae2d20d6165a8809f96dc4ef\">\n.flex_cell.av-76qkc-dc431c2cae2d20d6165a8809f96dc4ef{\nvertical-align:top;\n}\n.responsive #top #wrap_all .flex_cell.av-76qkc-dc431c2cae2d20d6165a8809f96dc4ef{\npadding:30px 30px 30px 30px !important;\n}\n<\/style>\n<div class='flex_cell av-76qkc-dc431c2cae2d20d6165a8809f96dc4ef av-gridrow-cell av_one_half no_margin av-hide-on-mobile  avia-builder-el-3  el_after_av_cell_one_half  avia-builder-el-last  content-align-top'  ><div class='flex_cell_inner'><\/div><\/div><\/div><div id='av_section_1'  class='avia-section av-kgj8dh86-e1b4c0645ee349c2527b22112e57e08d main_color avia-section-default avia-no-border-styling  avia-builder-el-4  el_after_av_layout_row  el_before_av_layout_row  avia-bg-style-scroll container_wrap fullsize'  ><div class='container av-section-cont-open' ><div class='template-page content  av-content-full alpha units'><div class='post-entry post-entry-type-page post-entry-5073'><div class='entry-content-wrapper clearfix'>\n\n<style type=\"text\/css\" data-created_by=\"avia_inline_auto\" id=\"style-css-av-9nmwg-ffdf88270fb47cd1b0fa3173168f439c\">\n.flex_column.av-9nmwg-ffdf88270fb47cd1b0fa3173168f439c{\nborder-radius:0px 0px 0px 0px;\npadding:0px 0px 0px 0px;\n}\n<\/style>\n<div  class='flex_column av-9nmwg-ffdf88270fb47cd1b0fa3173168f439c av_one_full  avia-builder-el-5  el_before_av_one_half  avia-builder-el-first  first flex_column_div av-zero-column-padding  '     ><section  class='av_textblock_section av-kgg7lch4-a3fd3177675efdfe1227fc57eeeb409e '   itemscope=\"itemscope\" itemtype=\"https:\/\/schema.org\/CreativeWork\" ><div class='avia_textblock'  itemprop=\"text\" ><h2>Last vintage Ch\u00e2teau Laroze<\/h2>\n<\/div><\/section><\/div><div  class='flex_column av-92006i-0a1199d582474d685a4a65faa9879126 av_one_half  avia-builder-el-7  el_after_av_one_full  el_before_av_one_full  first flex_column_div  column-top-margin'     ><div  class='avia-video av-lgji0b54-8ffec54eaa5679ca6a17a447715b0827 avia-video-16-9 ombre av-no-preview-image avia-video-load-always av-lazyload-immediate av-lazyload-video-embed'  itemprop=\"video\" itemtype=\"https:\/\/schema.org\/VideoObject\"  data-original_url='https:\/\/vimeo.com\/813559047'><script type='text\/html' class='av-video-tmpl'><div class='avia-iframe-wrap'><iframe loading=\"lazy\" title=\"Mill&amp;eacute;sime-Vintage-2022-pr&amp;eacute;sentation\" src=\"https:\/\/player.vimeo.com\/video\/813559047?h=d8fdc312ee&amp;dnt=1&amp;app_id=122963&autoplay=0&loop=0&controls=1&muted=0\" width=\"1500\" height=\"844\" frameborder=\"0\" allow=\"autoplay; fullscreen; picture-in-picture\" allowfullscreen><\/iframe><\/div><\/script><div class='av-click-to-play-overlay'><div class=\"avia_playpause_icon\"><\/div><\/div><\/div><\/div>\n<style type=\"text\/css\" data-created_by=\"avia_inline_auto\" id=\"style-css-av-5a4o7u-892abde2d2fdd901b635cdffc146b36c\">\n.flex_column.av-5a4o7u-892abde2d2fdd901b635cdffc146b36c{\nborder-radius:0px 0px 0px 0px;\npadding:0px 0px 0px 0px;\n}\n<\/style>\n<div  class='flex_column av-5a4o7u-892abde2d2fdd901b635cdffc146b36c av_one_full  avia-builder-el-9  el_after_av_one_half  el_before_av_one_half  first flex_column_div av-zero-column-padding  column-top-margin'     ><section  class='av_textblock_section av-lgjhl9md-cb408d285999e458a5e024b6f85d803e '   itemscope=\"itemscope\" itemtype=\"https:\/\/schema.org\/CreativeWork\" ><div class='avia_textblock'  itemprop=\"text\" ><h2>Us and the estate<\/h2>\n<\/div><\/section><\/div><div  class='flex_column av-g9axa2-99c2821de7204d0bd8a13b16dbb67cc2 av_one_half  avia-builder-el-11  el_after_av_one_full  el_before_av_one_half  first flex_column_div  column-top-margin'     ><div  class='avia-video av-ep2ymi-5550dec4de6288367307a2a7eb43c6bf avia-video-16-9 ombre av-no-preview-image avia-video-load-always av-lazyload-immediate av-lazyload-video-embed'  itemprop=\"video\" itemtype=\"https:\/\/schema.org\/VideoObject\"  data-original_url='https:\/\/vimeo.com\/507459439\/9f4f3c7454'><script type='text\/html' class='av-video-tmpl'><div class='avia-iframe-wrap'><iframe loading=\"lazy\" title=\"Chateau-Laroze-3D-Fr-V-crte\" src=\"https:\/\/player.vimeo.com\/video\/507459439?h=9f4f3c7454&amp;dnt=1&amp;app_id=122963&autoplay=0&loop=0&controls=1&muted=0\" width=\"1500\" height=\"844\" frameborder=\"0\" allow=\"autoplay; fullscreen; picture-in-picture\" allowfullscreen><\/iframe><\/div><\/script><div class='av-click-to-play-overlay'><div class=\"avia_playpause_icon\"><\/div><\/div><\/div><\/div><div  class='flex_column av-cg40cq-bd0186b21244821e84f758807a3012ee av_one_half  avia-builder-el-13  el_after_av_one_half  el_before_av_one_half  flex_column_div  column-top-margin'     ><div  class='avia-video av-av1tqi-e6be79e91f232835c46420f1429b7d42 avia-video-16-9 av-no-preview-image avia-video-load-always av-lazyload-immediate av-lazyload-video-embed'  itemprop=\"video\" itemtype=\"https:\/\/schema.org\/VideoObject\"  data-original_url='https:\/\/vimeo.com\/777040673\/55174d279b'><script type='text\/html' class='av-video-tmpl'><div class='avia-iframe-wrap'><iframe loading=\"lazy\" title=\"Ch&amp;acirc;teau Laroze - fran&amp;ccedil;ais\" src=\"https:\/\/player.vimeo.com\/video\/777040673?h=55174d279b&amp;dnt=1&amp;app_id=122963&autoplay=0&loop=0&controls=1&muted=0\" width=\"1500\" height=\"844\" frameborder=\"0\" allow=\"autoplay; fullscreen; picture-in-picture\" allowfullscreen><\/iframe><\/div><\/script><div class='av-click-to-play-overlay'><div class=\"avia_playpause_icon\"><\/div><\/div><\/div><\/div><div  class='flex_column av-8zqcd6-72cf2803ddae80c54cf5644d619fa4c4 av_one_half  avia-builder-el-15  el_after_av_one_half  el_before_av_one_half  first flex_column_div  column-top-margin'     ><div  class='avia-video av-75rxyy-a337a1920678841b4b4d61524b50ac63 avia-video-16-9 ombre av-no-preview-image avia-video-load-always av-lazyload-immediate av-lazyload-video-embed'  itemprop=\"video\" itemtype=\"https:\/\/schema.org\/VideoObject\"  data-original_url='https:\/\/vimeo.com\/544496364\/2d8382a88f'><script type='text\/html' class='av-video-tmpl'><div class='avia-iframe-wrap'><iframe loading=\"lazy\" title=\"1-un-grand-vin-n-est-que-le-fruit-d-une-relation-respectueuse-entre-l-homme-et-la-nature-en\" src=\"https:\/\/player.vimeo.com\/video\/544496364?h=2d8382a88f&amp;dnt=1&amp;app_id=122963&autoplay=0&loop=0&controls=1&muted=0\" width=\"1500\" height=\"844\" frameborder=\"0\" allow=\"autoplay; fullscreen; picture-in-picture\" allowfullscreen><\/iframe><\/div><\/script><div class='av-click-to-play-overlay'><div class=\"avia_playpause_icon\"><\/div><\/div><\/div><\/div><div  class='flex_column av-5beyvu-b27370ba91d32e2e0409c4f6214cf10e av_one_half  avia-builder-el-17  el_after_av_one_half  el_before_av_one_half  flex_column_div  column-top-margin'     ><div  class='avia-video av-3v8jfe-85aee5d17e45ed8204a9475ad99b44b6 avia-video-16-9 ombre av-no-preview-image avia-video-load-always av-lazyload-immediate av-lazyload-video-embed'  itemprop=\"video\" itemtype=\"https:\/\/schema.org\/VideoObject\"  data-original_url='https:\/\/vimeo.com\/544496649\/e54be67651'><script type='text\/html' class='av-video-tmpl'><div class='avia-iframe-wrap'><iframe loading=\"lazy\" title=\"4-modernite-et-architecture-en\" src=\"https:\/\/player.vimeo.com\/video\/544496649?h=e54be67651&amp;dnt=1&amp;app_id=122963&autoplay=0&loop=0&controls=1&muted=0\" width=\"1500\" height=\"844\" frameborder=\"0\" allow=\"autoplay; fullscreen; picture-in-picture\" allowfullscreen><\/iframe><\/div><\/script><div class='av-click-to-play-overlay'><div class=\"avia_playpause_icon\"><\/div><\/div><\/div><\/div><div  class='flex_column av-27wha2-41012f2a0b8cbd771e1b5a163b8437f9 av_one_half  avia-builder-el-19  el_after_av_one_half  el_before_av_one_full  first flex_column_div  column-top-margin'     ><div  class='avia-video av-2dtygq-786288d7aa376bf39d16758ce26b4190 avia-video-16-9 ombre av-no-preview-image avia-video-load-always av-lazyload-immediate av-lazyload-video-embed'  itemprop=\"video\" itemtype=\"https:\/\/schema.org\/VideoObject\"  data-original_url='https:\/\/vimeo.com\/544496649\/e54be67651'><script type='text\/html' class='av-video-tmpl'><div class='avia-iframe-wrap'><iframe loading=\"lazy\" title=\"4-modernite-et-architecture-en\" src=\"https:\/\/player.vimeo.com\/video\/544496649?h=e54be67651&amp;dnt=1&amp;app_id=122963&autoplay=0&loop=0&controls=1&muted=0\" width=\"1500\" height=\"844\" frameborder=\"0\" allow=\"autoplay; fullscreen; picture-in-picture\" allowfullscreen><\/iframe><\/div><\/script><div class='av-click-to-play-overlay'><div class=\"avia_playpause_icon\"><\/div><\/div><\/div><\/div>\n<style type=\"text\/css\" data-created_by=\"avia_inline_auto\" id=\"style-css-av-3hwn6y-962f830c0d64b2e20ed74f2749283002\">\n.flex_column.av-3hwn6y-962f830c0d64b2e20ed74f2749283002{\nborder-radius:0px 0px 0px 0px;\npadding:0px 0px 0px 0px;\n}\n<\/style>\n<div  class='flex_column av-3hwn6y-962f830c0d64b2e20ed74f2749283002 av_one_full  avia-builder-el-21  el_after_av_one_half  el_before_av_one_half  first flex_column_div av-zero-column-padding  column-top-margin'     ><section  class='av_textblock_section av-lgjhlssn-3519a3a3f4d851ab5c3982c1f753e01e '   itemscope=\"itemscope\" itemtype=\"https:\/\/schema.org\/CreativeWork\" ><div class='avia_textblock'  itemprop=\"text\" ><h2>Our know-how<\/h2>\n<\/div><\/section><\/div><div  class='flex_column av-7mm2yi-916ad086605eb3f4158360d79af6d14f av_one_half  avia-builder-el-23  el_after_av_one_full  el_before_av_one_full  first flex_column_div  column-top-margin'     ><div  class='avia-video av-5m321m-43045ed065cdb0c032783b9a3e326e78 avia-video-16-9 av-no-preview-image avia-video-load-always av-lazyload-immediate av-lazyload-video-embed'  itemprop=\"video\" itemtype=\"https:\/\/schema.org\/VideoObject\"  data-original_url='https:\/\/vimeo.com\/544496747\/9b2644135b'><script type='text\/html' class='av-video-tmpl'><div class='avia-iframe-wrap'><iframe loading=\"lazy\" title=\"5-anecdote-de-degustation-en\" src=\"https:\/\/player.vimeo.com\/video\/544496747?h=9b2644135b&amp;dnt=1&amp;app_id=122963&autoplay=0&loop=0&controls=1&muted=0\" width=\"1500\" height=\"844\" frameborder=\"0\" allow=\"autoplay; fullscreen; picture-in-picture\" allowfullscreen><\/iframe><\/div><\/script><div class='av-click-to-play-overlay'><div class=\"avia_playpause_icon\"><\/div><\/div><\/div><\/div>\n<style type=\"text\/css\" data-created_by=\"avia_inline_auto\" id=\"style-css-av-361wje-9717d1238b864c40ed671d06fbfb1270\">\n.flex_column.av-361wje-9717d1238b864c40ed671d06fbfb1270{\nborder-radius:0px 0px 0px 0px;\npadding:0px 0px 0px 0px;\n}\n<\/style>\n<div  class='flex_column av-361wje-9717d1238b864c40ed671d06fbfb1270 av_one_full  avia-builder-el-25  el_after_av_one_half  el_before_av_one_half  first flex_column_div av-zero-column-padding  column-top-margin'     ><section  class='av_textblock_section av-lgjhm70w-58841940fca81d638583cba2aadb1974 '   itemscope=\"itemscope\" itemtype=\"https:\/\/schema.org\/CreativeWork\" ><div class='avia_textblock'  itemprop=\"text\" ><h2>Our commitments<\/h2>\n<\/div><\/section><\/div><div  class='flex_column av-4pyi8q-91a22f8cd67f8b2c55fd6e3b45820375 av_one_half  avia-builder-el-27  el_after_av_one_full  avia-builder-el-last  first flex_column_div  column-top-margin'     ><div  class='avia-video av-2qu2be-d4309b475f7dd92bf896b14cb746b941 avia-video-16-9 av-no-preview-image avia-video-load-always av-lazyload-immediate av-lazyload-video-embed'  itemprop=\"video\" itemtype=\"https:\/\/schema.org\/VideoObject\"  data-original_url='https:\/\/vimeo.com\/544496435\/b238656254'><script type='text\/html' class='av-video-tmpl'><div class='avia-iframe-wrap'><iframe loading=\"lazy\" title=\"2-l-engagement-et-la-biodiversite-de-laroze-dans-tous-ses-etats-en\" src=\"https:\/\/player.vimeo.com\/video\/544496435?h=b238656254&amp;dnt=1&amp;app_id=122963&autoplay=0&loop=0&controls=1&muted=0\" width=\"1500\" height=\"844\" frameborder=\"0\" allow=\"autoplay; fullscreen; picture-in-picture\" allowfullscreen><\/iframe><\/div><\/script><div class='av-click-to-play-overlay'><div class=\"avia_playpause_icon\"><\/div><\/div><\/div><\/div><\/div><\/div><\/div><!-- close content main div --><\/div><\/div><div id='av-layout-grid-2'  class='av-layout-grid-container av-9939g-0e6d181eb342c32033ca246ba73cf35e entry-content-wrapper main_color av-flex-cells  avia-builder-el-29  el_after_av_section  avia-builder-el-last  grid-row-not-first av-small-hide av-mini-hide container_wrap fullsize'  >\n\n<style type=\"text\/css\" data-created_by=\"avia_inline_auto\" id=\"style-css-av-ki8yfzdz-1b94eec1f5aafed41fc9da1bebc1dbf8\">\n.flex_cell.av-ki8yfzdz-1b94eec1f5aafed41fc9da1bebc1dbf8{\nvertical-align:top;\nbackground:url(https:\/\/laroze.com\/wp-content\/uploads\/2020\/12\/frise5-1.png) 50% 100% repeat-x scroll rgba(236,222,187,0.2);\n}\n.responsive #top #wrap_all .flex_cell.av-ki8yfzdz-1b94eec1f5aafed41fc9da1bebc1dbf8{\npadding:25px 25px 25px 25px !important;\n}\n<\/style>\n<div class='flex_cell av-ki8yfzdz-1b94eec1f5aafed41fc9da1bebc1dbf8 av-gridrow-cell av_one_full no_margin  avia-builder-el-30  avia-builder-el-no-sibling  content-align-top'  ><div class='flex_cell_inner'><\/div><\/div>\n<\/div><\/p>\n","protected":false},"excerpt":{"rendered":"","protected":false},"author":1,"featured_media":0,"parent":0,"menu_order":0,"comment_status":"closed","ping_status":"closed","template":"","meta":{"footnotes":""},"class_list":["post-5073","page","type-page","status-publish","hentry"],"yoast_head":"<!-- This site is optimized with the Yoast SEO plugin v27.3 - https:\/\/yoast.com\/product\/yoast-seo-wordpress\/ -->\n<title>Our videos | Ch\u00e2teau Laroze<\/title>\n<meta name=\"robots\" content=\"index, follow, max-snippet:-1, max-image-preview:large, max-video-preview:-1\" \/>\n<link rel=\"canonical\" href=\"https:\/\/laroze.com\/en\/our-videos\/\" \/>\n<meta property=\"og:locale\" content=\"en_US\" \/>\n<meta property=\"og:type\" content=\"article\" \/>\n<meta property=\"og:title\" content=\"Our videos | Ch\u00e2teau Laroze\" \/>\n<meta property=\"og:url\" content=\"https:\/\/laroze.com\/en\/our-videos\/\" \/>\n<meta property=\"og:site_name\" content=\"Ch\u00e2teau Laroze\" \/>\n<meta property=\"article:publisher\" content=\"https:\/\/www.facebook.com\/ChateauLarozeFamilleGurchyMeslin\" \/>\n<meta property=\"article:modified_time\" content=\"2023-04-17T16:49:53+00:00\" \/>\n<meta property=\"og:image\" content=\"https:\/\/laroze.com\/wp-content\/uploads\/2021\/02\/logo-laroze-1.png\" \/>\n\t<meta property=\"og:image:width\" content=\"340\" \/>\n\t<meta property=\"og:image:height\" content=\"120\" \/>\n\t<meta property=\"og:image:type\" content=\"image\/png\" \/>\n<meta name=\"twitter:card\" content=\"summary_large_image\" \/>\n<meta name=\"twitter:label1\" content=\"Est. reading time\" \/>\n\t<meta name=\"twitter:data1\" content=\"7 minutes\" \/>\n<script type=\"application\/ld+json\" class=\"yoast-schema-graph\">{\"@context\":\"https:\\\/\\\/schema.org\",\"@graph\":[{\"@type\":\"WebPage\",\"@id\":\"https:\\\/\\\/laroze.com\\\/en\\\/our-videos\\\/\",\"url\":\"https:\\\/\\\/laroze.com\\\/en\\\/our-videos\\\/\",\"name\":\"Our videos | Ch\u00e2teau Laroze\",\"isPartOf\":{\"@id\":\"https:\\\/\\\/laroze.com\\\/en\\\/#website\"},\"datePublished\":\"2023-04-16T14:11:55+00:00\",\"dateModified\":\"2023-04-17T16:49:53+00:00\",\"breadcrumb\":{\"@id\":\"https:\\\/\\\/laroze.com\\\/en\\\/our-videos\\\/#breadcrumb\"},\"inLanguage\":\"en-US\",\"potentialAction\":[{\"@type\":\"ReadAction\",\"target\":[\"https:\\\/\\\/laroze.com\\\/en\\\/our-videos\\\/\"]}]},{\"@type\":\"BreadcrumbList\",\"@id\":\"https:\\\/\\\/laroze.com\\\/en\\\/our-videos\\\/#breadcrumb\",\"itemListElement\":[{\"@type\":\"ListItem\",\"position\":1,\"name\":\"Accueil\",\"item\":\"https:\\\/\\\/laroze.com\\\/en\\\/\"},{\"@type\":\"ListItem\",\"position\":2,\"name\":\"Our videos\"}]},{\"@type\":\"WebSite\",\"@id\":\"https:\\\/\\\/laroze.com\\\/en\\\/#website\",\"url\":\"https:\\\/\\\/laroze.com\\\/en\\\/\",\"name\":\"Ch\u00e2teau Laroze\",\"description\":\"Saint \u00c9milion Grand Cru Class\u00e9\",\"publisher\":{\"@id\":\"https:\\\/\\\/laroze.com\\\/en\\\/#organization\"},\"potentialAction\":[{\"@type\":\"SearchAction\",\"target\":{\"@type\":\"EntryPoint\",\"urlTemplate\":\"https:\\\/\\\/laroze.com\\\/en\\\/?s={search_term_string}\"},\"query-input\":{\"@type\":\"PropertyValueSpecification\",\"valueRequired\":true,\"valueName\":\"search_term_string\"}}],\"inLanguage\":\"en-US\"},{\"@type\":\"Organization\",\"@id\":\"https:\\\/\\\/laroze.com\\\/en\\\/#organization\",\"name\":\"Ch\u00e2teau Laroze\",\"url\":\"https:\\\/\\\/laroze.com\\\/en\\\/\",\"logo\":{\"@type\":\"ImageObject\",\"inLanguage\":\"en-US\",\"@id\":\"https:\\\/\\\/laroze.com\\\/en\\\/#\\\/schema\\\/logo\\\/image\\\/\",\"url\":\"https:\\\/\\\/laroze.com\\\/wp-content\\\/uploads\\\/2021\\\/02\\\/logo-laroze-1.png\",\"contentUrl\":\"https:\\\/\\\/laroze.com\\\/wp-content\\\/uploads\\\/2021\\\/02\\\/logo-laroze-1.png\",\"width\":340,\"height\":120,\"caption\":\"Ch\u00e2teau Laroze\"},\"image\":{\"@id\":\"https:\\\/\\\/laroze.com\\\/en\\\/#\\\/schema\\\/logo\\\/image\\\/\"},\"sameAs\":[\"https:\\\/\\\/www.facebook.com\\\/ChateauLarozeFamilleGurchyMeslin\",\"https:\\\/\\\/www.instagram.com\\\/chateaularoze\\\/\",\"https:\\\/\\\/www.linkedin.com\\\/company\\\/chateau-laroze\\\/\",\"https:\\\/\\\/www.youtube.com\\\/channel\\\/UCxfXrxdDM0ZaMeZknKG5nog\"]}]}<\/script>\n<!-- \/ Yoast SEO plugin. -->","yoast_head_json":{"title":"Our videos | Ch\u00e2teau Laroze","robots":{"index":"index","follow":"follow","max-snippet":"max-snippet:-1","max-image-preview":"max-image-preview:large","max-video-preview":"max-video-preview:-1"},"canonical":"https:\/\/laroze.com\/en\/our-videos\/","og_locale":"en_US","og_type":"article","og_title":"Our videos | Ch\u00e2teau Laroze","og_url":"https:\/\/laroze.com\/en\/our-videos\/","og_site_name":"Ch\u00e2teau Laroze","article_publisher":"https:\/\/www.facebook.com\/ChateauLarozeFamilleGurchyMeslin","article_modified_time":"2023-04-17T16:49:53+00:00","og_image":[{"width":340,"height":120,"url":"https:\/\/laroze.com\/wp-content\/uploads\/2021\/02\/logo-laroze-1.png","type":"image\/png"}],"twitter_card":"summary_large_image","twitter_misc":{"Est. reading time":"7 minutes"},"schema":{"@context":"https:\/\/schema.org","@graph":[{"@type":"WebPage","@id":"https:\/\/laroze.com\/en\/our-videos\/","url":"https:\/\/laroze.com\/en\/our-videos\/","name":"Our videos | Ch\u00e2teau Laroze","isPartOf":{"@id":"https:\/\/laroze.com\/en\/#website"},"datePublished":"2023-04-16T14:11:55+00:00","dateModified":"2023-04-17T16:49:53+00:00","breadcrumb":{"@id":"https:\/\/laroze.com\/en\/our-videos\/#breadcrumb"},"inLanguage":"en-US","potentialAction":[{"@type":"ReadAction","target":["https:\/\/laroze.com\/en\/our-videos\/"]}]},{"@type":"BreadcrumbList","@id":"https:\/\/laroze.com\/en\/our-videos\/#breadcrumb","itemListElement":[{"@type":"ListItem","position":1,"name":"Accueil","item":"https:\/\/laroze.com\/en\/"},{"@type":"ListItem","position":2,"name":"Our videos"}]},{"@type":"WebSite","@id":"https:\/\/laroze.com\/en\/#website","url":"https:\/\/laroze.com\/en\/","name":"Ch\u00e2teau Laroze","description":"Saint \u00c9milion Grand Cru Class\u00e9","publisher":{"@id":"https:\/\/laroze.com\/en\/#organization"},"potentialAction":[{"@type":"SearchAction","target":{"@type":"EntryPoint","urlTemplate":"https:\/\/laroze.com\/en\/?s={search_term_string}"},"query-input":{"@type":"PropertyValueSpecification","valueRequired":true,"valueName":"search_term_string"}}],"inLanguage":"en-US"},{"@type":"Organization","@id":"https:\/\/laroze.com\/en\/#organization","name":"Ch\u00e2teau Laroze","url":"https:\/\/laroze.com\/en\/","logo":{"@type":"ImageObject","inLanguage":"en-US","@id":"https:\/\/laroze.com\/en\/#\/schema\/logo\/image\/","url":"https:\/\/laroze.com\/wp-content\/uploads\/2021\/02\/logo-laroze-1.png","contentUrl":"https:\/\/laroze.com\/wp-content\/uploads\/2021\/02\/logo-laroze-1.png","width":340,"height":120,"caption":"Ch\u00e2teau Laroze"},"image":{"@id":"https:\/\/laroze.com\/en\/#\/schema\/logo\/image\/"},"sameAs":["https:\/\/www.facebook.com\/ChateauLarozeFamilleGurchyMeslin","https:\/\/www.instagram.com\/chateaularoze\/","https:\/\/www.linkedin.com\/company\/chateau-laroze\/","https:\/\/www.youtube.com\/channel\/UCxfXrxdDM0ZaMeZknKG5nog"]}]}},"_links":{"self":[{"href":"https:\/\/laroze.com\/en\/wp-json\/wp\/v2\/pages\/5073","targetHints":{"allow":["GET"]}}],"collection":[{"href":"https:\/\/laroze.com\/en\/wp-json\/wp\/v2\/pages"}],"about":[{"href":"https:\/\/laroze.com\/en\/wp-json\/wp\/v2\/types\/page"}],"author":[{"embeddable":true,"href":"https:\/\/laroze.com\/en\/wp-json\/wp\/v2\/users\/1"}],"replies":[{"embeddable":true,"href":"https:\/\/laroze.com\/en\/wp-json\/wp\/v2\/comments?post=5073"}],"version-history":[{"count":0,"href":"https:\/\/laroze.com\/en\/wp-json\/wp\/v2\/pages\/5073\/revisions"}],"wp:attachment":[{"href":"https:\/\/laroze.com\/en\/wp-json\/wp\/v2\/media?parent=5073"}],"curies":[{"name":"wp","href":"https:\/\/api.w.org\/{rel}","templated":true}]}}