{"id":4565,"date":"2021-04-15T11:01:34","date_gmt":"2021-04-15T09:01:34","guid":{"rendered":"https:\/\/laroze.com\/legal-notice\/"},"modified":"2021-04-15T11:01:40","modified_gmt":"2021-04-15T09:01:40","slug":"legal-notice","status":"publish","type":"page","link":"https:\/\/laroze.com\/en\/legal-notice\/","title":{"rendered":"Legal Notice"},"content":{"rendered":"<div id='contact'  class='av-layout-grid-container av-dyavgh-a346a7976a2d64b09226015e20f8963a entry-content-wrapper main_color av-flex-cells  avia-builder-el-0  el_before_av_one_full  avia-builder-el-first  av-cell-min-height av-cell-min-height-50  container_wrap fullsize'   data-av_minimum_height_pc='50'>\n\n<style type=\"text\/css\" data-created_by=\"avia_inline_auto\" id=\"style-css-av-c8fxpd-efd9bb7f72fc1bdb9912e06596239c82\">\n.flex_cell.av-c8fxpd-efd9bb7f72fc1bdb9912e06596239c82{\nvertical-align:bottom;\nbackground-color:rgba(0,51,59,0.35);\n}\n.responsive #top #wrap_all .flex_cell.av-c8fxpd-efd9bb7f72fc1bdb9912e06596239c82{\npadding:50px 50px 50px 50px !important;\n}\n<\/style>\n<div class='flex_cell av-c8fxpd-efd9bb7f72fc1bdb9912e06596239c82 av-gridrow-cell av_one_third no_margin  avia-builder-el-1  el_before_av_cell_two_third  avia-builder-el-first  content-align-bottom'  ><div class='flex_cell_inner'>\n<style type=\"text\/css\" data-created_by=\"avia_inline_auto\" id=\"style-css-av-knin65m5-6f3e00bd2e7e6aa011880682ce71e35c\">\n#top .av_textblock_section.av-knin65m5-6f3e00bd2e7e6aa011880682ce71e35c .avia_textblock{\ncolor:#ffffff;\n}\n<\/style>\n<section  class='av_textblock_section av-knin65m5-6f3e00bd2e7e6aa011880682ce71e35c '   itemscope=\"itemscope\" itemtype=\"https:\/\/schema.org\/CreativeWork\" ><div class='avia_textblock av_inherit_color'  itemprop=\"text\" ><h1>Legal Notice<\/h1>\n<\/div><\/section>\n<\/div><\/div>\n<style type=\"text\/css\" data-created_by=\"avia_inline_auto\" id=\"style-css-av-besz7l-615c5f902cdb0c7d087b7ff019acfa7a\">\n.flex_cell.av-besz7l-615c5f902cdb0c7d087b7ff019acfa7a{\nvertical-align:top;\n}\n.responsive #top #wrap_all .flex_cell.av-besz7l-615c5f902cdb0c7d087b7ff019acfa7a{\npadding:30px 30px 30px 30px !important;\n}\n<\/style>\n<div class='flex_cell av-besz7l-615c5f902cdb0c7d087b7ff019acfa7a av-gridrow-cell av_two_third no_margin av-hide-on-mobile  avia-builder-el-3  el_after_av_cell_one_third  avia-builder-el-last  content-align-top'  ><div class='flex_cell_inner'><\/div><\/div>\n<\/div><div id='after_grid_row_1'  class='main_color av_default_container_wrap container_wrap fullsize'  ><div class='container av-section-cont-open' ><div class='template-page content  av-content-full alpha units'><div class='post-entry post-entry-type-page post-entry-4565'><div class='entry-content-wrapper clearfix'>\n\n<style type=\"text\/css\" data-created_by=\"avia_inline_auto\" id=\"style-css-av-9wxgoh-52e1f82d66bb98bc62add86d98c11f77\">\n.flex_column.av-9wxgoh-52e1f82d66bb98bc62add86d98c11f77{\nborder-radius:0px 0px 0px 0px;\npadding:5% 5% 5% 5%;\n}\n<\/style>\n<div  class='flex_column av-9wxgoh-52e1f82d66bb98bc62add86d98c11f77 av_one_full  avia-builder-el-4  el_after_av_layout_row  el_before_av_layout_row  avia-builder-el-no-sibling  first flex_column_div av-animated-generic fade-in  '     ><section  class='av_textblock_section av-kninddc9-76986c4a47088f65dfb655680afef912 '   itemscope=\"itemscope\" itemtype=\"https:\/\/schema.org\/CreativeWork\" ><div class='avia_textblock'  itemprop=\"text\" ><h2>Published by Ch\u00e2teau Laroze<\/h2>\n<p>BP61<br \/>\nFR-33330 Saint-\u00c9milion<br \/>\nFrance<br \/>\nTel 33 (0)5 57 24 79 79<\/p>\n<h2>Hosted by AMEN<\/h2>\n<p>Single-member simplified joint stock company, whose registered office is 12-14 Rond-Point des Champs Elys\u00e9es &#8211; 75008 PARIS, registered in the PARIS Trade and Companies Register under number B 421 527 797.<\/p>\n<h2>Creation, artistic direction and realization of the website<\/h2>\n<p>Ecoutez voir agency<br \/>\n30 rue Joseph Bonnet, 33100 Bordeaux France<br \/>\nwww.ecoutez-voir.fr<\/p>\n<h2>Copyright<\/h2>\n<p>Ch\u00e2teau Laroze holds the intellectual property rights relating to the site and its content. This entire site is subject to French and international legislation on copyright and intellectual property. All reproduction rights are reserved, including for iconographic and photographic documents.<\/p>\n<h2>Hypertext links<\/h2>\n<p>The hypertext links on the Site may direct the user to external sites, the content of which can in no way engage the responsibility of the Publisher. Likewise, the Publisher cannot be held responsible for the content of the sites to which they refer.<\/p>\n<h2>Cookies and personal data<\/h2>\n<p>In general, you can visit our site on the Internet without having to disclose your identity and provide any personal information about yourself. However, we may sometimes ask you for information.<\/p>\n<p>Ch\u00e2teau Laroze may collect personal data about you from your browser which is necessary for the proper functioning of the laroze.com site. The data transmitted by the persons registered on this site are confidential and, in any case, are not subject to transmission to third parties, except in the event of judicial requisition or request by an authorized authority.<\/p>\n<p>In accordance with the \u201cInformatique et Libert\u00e9s\u201d law of January 6, 1978, you have the right to access and rectify data concerning you with vieviewer Entreprise. To exercise this right, you can contact us.<\/p>\n<p>You can consult our external personal data protection policy <a href=\"https:\/\/laroze.com\/en\/privacy-policy\/\">here<\/a>.<\/p>\n<\/div><\/section><\/div>\n<\/div><\/div><\/div><!-- close content main div --><\/div><\/div><div id='av-layout-grid-2'  class='av-layout-grid-container av-7jpov5-0417f36ee78dacd5b0cde17307067e41 entry-content-wrapper main_color av-flex-cells  avia-builder-el-6  el_after_av_one_full  el_before_av_layout_row  grid-row-not-first av-small-hide av-mini-hide container_wrap fullsize'  >\n\n<style type=\"text\/css\" data-created_by=\"avia_inline_auto\" id=\"style-css-av-5ubwe9-21066763e950b33bb13af018283a2dfb\">\n.flex_cell.av-5ubwe9-21066763e950b33bb13af018283a2dfb{\nvertical-align:top;\nbackground-color:rgba(236,222,187,0.2);\n}\n.responsive #top #wrap_all .flex_cell.av-5ubwe9-21066763e950b33bb13af018283a2dfb{\npadding:25px 25px 25px 25px !important;\n}\n<\/style>\n<div class='flex_cell av-5ubwe9-21066763e950b33bb13af018283a2dfb av-gridrow-cell av_one_full no_margin  avia-builder-el-7  avia-builder-el-no-sibling  content-align-top'  ><div class='flex_cell_inner'><\/div><\/div>\n<\/div>\n<div id='av-layout-grid-3'  class='av-layout-grid-container av-3z7x35-a81d91071ad67831d189d6f95e2fa5fe entry-content-wrapper main_color av-flex-cells  avia-builder-el-8  el_after_av_layout_row  avia-builder-el-last  grid-row-not-first av-small-hide av-mini-hide container_wrap fullsize'  >\n\n<style type=\"text\/css\" data-created_by=\"avia_inline_auto\" id=\"style-css-av-9qj9d-07b4522be1a84ee69037669f2ef5e077\">\n.flex_cell.av-9qj9d-07b4522be1a84ee69037669f2ef5e077{\nvertical-align:top;\nbackground:url(https:\/\/laroze.com\/wp-content\/uploads\/2020\/12\/frise5-1.png) 50% 100% repeat-x scroll rgba(236,222,187,0.2);\n}\n.responsive #top #wrap_all .flex_cell.av-9qj9d-07b4522be1a84ee69037669f2ef5e077{\npadding:25px 25px 25px 25px !important;\n}\n<\/style>\n<div class='flex_cell av-9qj9d-07b4522be1a84ee69037669f2ef5e077 av-gridrow-cell av_one_full no_margin  avia-builder-el-9  avia-builder-el-no-sibling  content-align-top'  ><div class='flex_cell_inner'><\/div><\/div>\n<\/div>\n","protected":false},"excerpt":{"rendered":"","protected":false},"author":1,"featured_media":0,"parent":0,"menu_order":0,"comment_status":"closed","ping_status":"closed","template":"","meta":{"footnotes":""},"class_list":["post-4565","page","type-page","status-publish","hentry"],"yoast_head":"<!-- This site is optimized with the Yoast SEO plugin v27.3 - https:\/\/yoast.com\/product\/yoast-seo-wordpress\/ -->\n<title>Legal Notice | Ch\u00e2teau Laroze<\/title>\n<meta name=\"robots\" content=\"index, follow, max-snippet:-1, max-image-preview:large, max-video-preview:-1\" \/>\n<link rel=\"canonical\" href=\"https:\/\/laroze.com\/en\/legal-notice\/\" \/>\n<meta property=\"og:locale\" content=\"en_US\" \/>\n<meta property=\"og:type\" content=\"article\" \/>\n<meta property=\"og:title\" content=\"Legal Notice | Ch\u00e2teau Laroze\" \/>\n<meta property=\"og:url\" content=\"https:\/\/laroze.com\/en\/legal-notice\/\" \/>\n<meta property=\"og:site_name\" content=\"Ch\u00e2teau Laroze\" \/>\n<meta property=\"article:publisher\" content=\"https:\/\/www.facebook.com\/ChateauLarozeFamilleGurchyMeslin\" \/>\n<meta property=\"article:modified_time\" content=\"2021-04-15T09:01:40+00:00\" \/>\n<meta property=\"og:image\" content=\"https:\/\/laroze.com\/wp-content\/uploads\/2021\/02\/logo-laroze-1.png\" \/>\n\t<meta property=\"og:image:width\" content=\"340\" \/>\n\t<meta property=\"og:image:height\" content=\"120\" \/>\n\t<meta property=\"og:image:type\" content=\"image\/png\" \/>\n<meta name=\"twitter:card\" content=\"summary_large_image\" \/>\n<meta name=\"twitter:label1\" content=\"Est. reading time\" \/>\n\t<meta name=\"twitter:data1\" content=\"5 minutes\" \/>\n<script type=\"application\/ld+json\" class=\"yoast-schema-graph\">{\"@context\":\"https:\\\/\\\/schema.org\",\"@graph\":[{\"@type\":\"WebPage\",\"@id\":\"https:\\\/\\\/laroze.com\\\/en\\\/legal-notice\\\/\",\"url\":\"https:\\\/\\\/laroze.com\\\/en\\\/legal-notice\\\/\",\"name\":\"Legal Notice | Ch\u00e2teau Laroze\",\"isPartOf\":{\"@id\":\"https:\\\/\\\/laroze.com\\\/en\\\/#website\"},\"datePublished\":\"2021-04-15T09:01:34+00:00\",\"dateModified\":\"2021-04-15T09:01:40+00:00\",\"breadcrumb\":{\"@id\":\"https:\\\/\\\/laroze.com\\\/en\\\/legal-notice\\\/#breadcrumb\"},\"inLanguage\":\"en-US\",\"potentialAction\":[{\"@type\":\"ReadAction\",\"target\":[\"https:\\\/\\\/laroze.com\\\/en\\\/legal-notice\\\/\"]}]},{\"@type\":\"BreadcrumbList\",\"@id\":\"https:\\\/\\\/laroze.com\\\/en\\\/legal-notice\\\/#breadcrumb\",\"itemListElement\":[{\"@type\":\"ListItem\",\"position\":1,\"name\":\"Accueil\",\"item\":\"https:\\\/\\\/laroze.com\\\/en\\\/\"},{\"@type\":\"ListItem\",\"position\":2,\"name\":\"Legal Notice\"}]},{\"@type\":\"WebSite\",\"@id\":\"https:\\\/\\\/laroze.com\\\/en\\\/#website\",\"url\":\"https:\\\/\\\/laroze.com\\\/en\\\/\",\"name\":\"Ch\u00e2teau Laroze\",\"description\":\"Saint \u00c9milion Grand Cru Class\u00e9\",\"publisher\":{\"@id\":\"https:\\\/\\\/laroze.com\\\/en\\\/#organization\"},\"potentialAction\":[{\"@type\":\"SearchAction\",\"target\":{\"@type\":\"EntryPoint\",\"urlTemplate\":\"https:\\\/\\\/laroze.com\\\/en\\\/?s={search_term_string}\"},\"query-input\":{\"@type\":\"PropertyValueSpecification\",\"valueRequired\":true,\"valueName\":\"search_term_string\"}}],\"inLanguage\":\"en-US\"},{\"@type\":\"Organization\",\"@id\":\"https:\\\/\\\/laroze.com\\\/en\\\/#organization\",\"name\":\"Ch\u00e2teau Laroze\",\"url\":\"https:\\\/\\\/laroze.com\\\/en\\\/\",\"logo\":{\"@type\":\"ImageObject\",\"inLanguage\":\"en-US\",\"@id\":\"https:\\\/\\\/laroze.com\\\/en\\\/#\\\/schema\\\/logo\\\/image\\\/\",\"url\":\"https:\\\/\\\/laroze.com\\\/wp-content\\\/uploads\\\/2021\\\/02\\\/logo-laroze-1.png\",\"contentUrl\":\"https:\\\/\\\/laroze.com\\\/wp-content\\\/uploads\\\/2021\\\/02\\\/logo-laroze-1.png\",\"width\":340,\"height\":120,\"caption\":\"Ch\u00e2teau Laroze\"},\"image\":{\"@id\":\"https:\\\/\\\/laroze.com\\\/en\\\/#\\\/schema\\\/logo\\\/image\\\/\"},\"sameAs\":[\"https:\\\/\\\/www.facebook.com\\\/ChateauLarozeFamilleGurchyMeslin\",\"https:\\\/\\\/www.instagram.com\\\/chateaularoze\\\/\",\"https:\\\/\\\/www.linkedin.com\\\/company\\\/chateau-laroze\\\/\",\"https:\\\/\\\/www.youtube.com\\\/channel\\\/UCxfXrxdDM0ZaMeZknKG5nog\"]}]}<\/script>\n<!-- \/ Yoast SEO plugin. -->","yoast_head_json":{"title":"Legal Notice | Ch\u00e2teau Laroze","robots":{"index":"index","follow":"follow","max-snippet":"max-snippet:-1","max-image-preview":"max-image-preview:large","max-video-preview":"max-video-preview:-1"},"canonical":"https:\/\/laroze.com\/en\/legal-notice\/","og_locale":"en_US","og_type":"article","og_title":"Legal Notice | Ch\u00e2teau Laroze","og_url":"https:\/\/laroze.com\/en\/legal-notice\/","og_site_name":"Ch\u00e2teau Laroze","article_publisher":"https:\/\/www.facebook.com\/ChateauLarozeFamilleGurchyMeslin","article_modified_time":"2021-04-15T09:01:40+00:00","og_image":[{"width":340,"height":120,"url":"https:\/\/laroze.com\/wp-content\/uploads\/2021\/02\/logo-laroze-1.png","type":"image\/png"}],"twitter_card":"summary_large_image","twitter_misc":{"Est. reading time":"5 minutes"},"schema":{"@context":"https:\/\/schema.org","@graph":[{"@type":"WebPage","@id":"https:\/\/laroze.com\/en\/legal-notice\/","url":"https:\/\/laroze.com\/en\/legal-notice\/","name":"Legal Notice | Ch\u00e2teau Laroze","isPartOf":{"@id":"https:\/\/laroze.com\/en\/#website"},"datePublished":"2021-04-15T09:01:34+00:00","dateModified":"2021-04-15T09:01:40+00:00","breadcrumb":{"@id":"https:\/\/laroze.com\/en\/legal-notice\/#breadcrumb"},"inLanguage":"en-US","potentialAction":[{"@type":"ReadAction","target":["https:\/\/laroze.com\/en\/legal-notice\/"]}]},{"@type":"BreadcrumbList","@id":"https:\/\/laroze.com\/en\/legal-notice\/#breadcrumb","itemListElement":[{"@type":"ListItem","position":1,"name":"Accueil","item":"https:\/\/laroze.com\/en\/"},{"@type":"ListItem","position":2,"name":"Legal Notice"}]},{"@type":"WebSite","@id":"https:\/\/laroze.com\/en\/#website","url":"https:\/\/laroze.com\/en\/","name":"Ch\u00e2teau Laroze","description":"Saint \u00c9milion Grand Cru Class\u00e9","publisher":{"@id":"https:\/\/laroze.com\/en\/#organization"},"potentialAction":[{"@type":"SearchAction","target":{"@type":"EntryPoint","urlTemplate":"https:\/\/laroze.com\/en\/?s={search_term_string}"},"query-input":{"@type":"PropertyValueSpecification","valueRequired":true,"valueName":"search_term_string"}}],"inLanguage":"en-US"},{"@type":"Organization","@id":"https:\/\/laroze.com\/en\/#organization","name":"Ch\u00e2teau Laroze","url":"https:\/\/laroze.com\/en\/","logo":{"@type":"ImageObject","inLanguage":"en-US","@id":"https:\/\/laroze.com\/en\/#\/schema\/logo\/image\/","url":"https:\/\/laroze.com\/wp-content\/uploads\/2021\/02\/logo-laroze-1.png","contentUrl":"https:\/\/laroze.com\/wp-content\/uploads\/2021\/02\/logo-laroze-1.png","width":340,"height":120,"caption":"Ch\u00e2teau Laroze"},"image":{"@id":"https:\/\/laroze.com\/en\/#\/schema\/logo\/image\/"},"sameAs":["https:\/\/www.facebook.com\/ChateauLarozeFamilleGurchyMeslin","https:\/\/www.instagram.com\/chateaularoze\/","https:\/\/www.linkedin.com\/company\/chateau-laroze\/","https:\/\/www.youtube.com\/channel\/UCxfXrxdDM0ZaMeZknKG5nog"]}]}},"_links":{"self":[{"href":"https:\/\/laroze.com\/en\/wp-json\/wp\/v2\/pages\/4565","targetHints":{"allow":["GET"]}}],"collection":[{"href":"https:\/\/laroze.com\/en\/wp-json\/wp\/v2\/pages"}],"about":[{"href":"https:\/\/laroze.com\/en\/wp-json\/wp\/v2\/types\/page"}],"author":[{"embeddable":true,"href":"https:\/\/laroze.com\/en\/wp-json\/wp\/v2\/users\/1"}],"replies":[{"embeddable":true,"href":"https:\/\/laroze.com\/en\/wp-json\/wp\/v2\/comments?post=4565"}],"version-history":[{"count":0,"href":"https:\/\/laroze.com\/en\/wp-json\/wp\/v2\/pages\/4565\/revisions"}],"wp:attachment":[{"href":"https:\/\/laroze.com\/en\/wp-json\/wp\/v2\/media?parent=4565"}],"curies":[{"name":"wp","href":"https:\/\/api.w.org\/{rel}","templated":true}]}}