{"id":4336,"date":"2021-03-25T17:21:40","date_gmt":"2021-03-25T16:21:40","guid":{"rendered":"https:\/\/laroze.com\/privacy-policy\/"},"modified":"2021-04-06T12:10:45","modified_gmt":"2021-04-06T10:10:45","slug":"privacy-policy","status":"publish","type":"page","link":"https:\/\/laroze.com\/en\/privacy-policy\/","title":{"rendered":"Privacy Policy"},"content":{"rendered":"<div id='contact'  class='av-layout-grid-container av-iga9-b1ea7efee47a5e0d339fc45d8b9fd241 entry-content-wrapper main_color av-flex-cells  avia-builder-el-0  el_before_av_one_full  avia-builder-el-first  av-cell-min-height av-cell-min-height-50  container_wrap fullsize'   data-av_minimum_height_pc='50'>\n\n<style type=\"text\/css\" data-created_by=\"avia_inline_auto\" id=\"style-css-av-gaur-012728ea88764cffc6ad8fae38beae90\">\n.flex_cell.av-gaur-012728ea88764cffc6ad8fae38beae90{\nvertical-align:bottom;\nbackground-color:rgba(0,51,59,0.35);\n}\n.responsive #top #wrap_all .flex_cell.av-gaur-012728ea88764cffc6ad8fae38beae90{\npadding:50px 50px 50px 50px !important;\n}\n<\/style>\n<div class='flex_cell av-gaur-012728ea88764cffc6ad8fae38beae90 av-gridrow-cell av_one_third no_margin  avia-builder-el-1  el_before_av_cell_two_third  avia-builder-el-first  content-align-bottom'  ><div class='flex_cell_inner'>\n<style type=\"text\/css\" data-created_by=\"avia_inline_auto\" id=\"style-css-av-kmosi0pw-b5de2f466452153d6edc5c99c6b6c6fd\">\n#top .av_textblock_section.av-kmosi0pw-b5de2f466452153d6edc5c99c6b6c6fd .avia_textblock{\ncolor:#ffffff;\n}\n<\/style>\n<section  class='av_textblock_section av-kmosi0pw-b5de2f466452153d6edc5c99c6b6c6fd '   itemscope=\"itemscope\" itemtype=\"https:\/\/schema.org\/CreativeWork\" ><div class='avia_textblock av_inherit_color'  itemprop=\"text\" ><h1>Privacy Policy<\/h1>\n<\/div><\/section>\n<\/div><\/div>\n<style type=\"text\/css\" data-created_by=\"avia_inline_auto\" id=\"style-css-av-1b3n-aa9bae3b4b8dada8ad1fe3053cee28f1\">\n.flex_cell.av-1b3n-aa9bae3b4b8dada8ad1fe3053cee28f1{\nvertical-align:top;\n}\n.responsive #top #wrap_all .flex_cell.av-1b3n-aa9bae3b4b8dada8ad1fe3053cee28f1{\npadding:30px 30px 30px 30px !important;\n}\n<\/style>\n<div class='flex_cell av-1b3n-aa9bae3b4b8dada8ad1fe3053cee28f1 av-gridrow-cell av_two_third no_margin av-hide-on-mobile  avia-builder-el-3  el_after_av_cell_one_third  avia-builder-el-last  content-align-top'  ><div class='flex_cell_inner'><\/div><\/div>\n<\/div><div id='after_grid_row_1'  class='main_color av_default_container_wrap container_wrap fullsize'  ><div class='container av-section-cont-open' ><div class='template-page content  av-content-full alpha units'><div class='post-entry post-entry-type-page post-entry-4336'><div class='entry-content-wrapper clearfix'>\n\n<style type=\"text\/css\" data-created_by=\"avia_inline_auto\" id=\"style-css-av-17r3-e6634707ef2bce8ceaabcb83301c9b01\">\n.flex_column.av-17r3-e6634707ef2bce8ceaabcb83301c9b01{\nborder-radius:0px 0px 0px 0px;\npadding:5% 5% 5% 5%;\n}\n<\/style>\n<div  class='flex_column av-17r3-e6634707ef2bce8ceaabcb83301c9b01 av_one_full  avia-builder-el-4  el_after_av_layout_row  el_before_av_layout_row  avia-builder-el-no-sibling  first flex_column_div av-animated-generic fade-in  '     ><section  class='av_textblock_section av-kmos8jgd-d7e3ef2b7b661cda4a85bb7239c7ddab '   itemscope=\"itemscope\" itemtype=\"https:\/\/schema.org\/CreativeWork\" ><div class='avia_textblock'  itemprop=\"text\" ><h2>Article 1: Preamble<\/h2>\n<p>This Privacy Policy applies to the site:\u00a0<a href=\"https:\/\/laroze.com\/\">https:\/\/laroze.com\/<\/a><\/p>\n<p>Its purpose is to inform site users how their personal data are collected and processed.<\/p>\n<p>\u201cPersonal data\u201d are defined as follows: any data that are likely to identify a data subject, including first and last names, age, postal address, e-mail address, location of the data subject or his\/her IP address.<\/p>\n<p>This Privacy Policy addresses the following questions:<\/p>\n<ol class=\"list\">\n<li>What are the rights of data subjects regarding this data?<\/li>\n<li>Who is responsible for processing the personal data that has been collected?<\/li>\n<li>To whom is this data transmitted?<\/li>\n<li>What is the policy regarding cookies?<\/li>\n<\/ol>\n<p>This Privacy Policy supplements the Terms and Conditions that website users can consult at the following address:\u00a0<a href=\"https:\/\/laroze.com\/en\/legal-notice\/\">https:\/\/laroze.com\/mentions-legales\/<\/a><\/p>\n<h2>Article 2: General principles regarding data collection and processing<\/h2>\n<p>In accordance with the provisions of Article 5 of European Regulation 2016\/679, the collection and processing of website user data respects the following principles:<\/p>\n<ol class=\"list\">\n<li>Lawfulness, fairness and transparency: data can only be collected and processed with the consent of the data subject. Whenever personal data is collected, the data subject will be informed that their data has been collected, and for what reasons their data has been<\/li>\n<li>Limited purposes: the collection and processing of data are carried out to meet one or more objectives determined in this Privacy Policy.<\/li>\n<li>Minimization of data collection and processing: only the data necessary for the proper execution of the objectives pursued by the website are collecte<\/li>\n<li>Limited storage period: the data is kept for a limited period of time, of which the data subject is informed.<\/li>\n<li>Integrity and confidentiality of data collected and processed: the data controller undertakes to guarantee the integrity and confidentiality of the data collected.<\/li>\n<\/ol>\n<p>In order to be lawful, and in accordance with the requirements of Article 6 of European Regulation 2016\/679, the collection and processing of personal data may only take place if they comply with at least one of the conditions below:<\/p>\n<ol class=\"list\">\n<li>The data subject has expressly consented to the processing.<\/li>\n<li>Processing is necessary for the proper performance of a contract.<\/li>\n<li>Processing is necessary for compliance with a legal obligation.<\/li>\n<li>Processing is necessary in order to protect the vital interests of the data subject or of another natural person.<\/li>\n<li>Processing is necessary for the performance of a task carried out in the public interest or in the exercise of official authority.<\/li>\n<li>Processing is necessary for the purposes of the legitimate interests pursued by the controller or by a third party.<\/li>\n<\/ol>\n<h2>Article 3: Personal data collected and processed while browsing the site<\/h2>\n<h3>Data collected and processed, and method of collection<\/h3>\n<p>The personal data collected on the site https:\/\/laroze.com are as follows:<\/p>\n<ol class=\"list\">\n<li>First name, last name, company, phone, e-mail address<\/li>\n<\/ol>\n<p>This data is collected when the website user performs the following operation on the site:<\/p>\n<ol class=\"list\">\n<li>Filling out contact form<\/li>\n<\/ol>\n<p>The data controller will store all the data collected under reasonable conditions of security for a period of 2 years.<\/p>\n<p>The collection and processing of data serve the following purposes:<\/p>\n<h3>Data transmission to third parties<\/h3>\n<p>The data may be transmitted to the third party listed below:<\/p>\n<ol class=\"list\">\n<li>Google<\/li>\n<\/ol>\n<p><strong>\u00a0<\/strong>Data hosting<\/p>\n<p>The site is hosted by:<\/p>\n<ol class=\"list\">\n<li>AGENCE DES MEDIAS NUMERIQUES (AMEN), Simplified Joint Stock Company, whose registered office is 12-14 Rond-Point des Champs Elys\u00e9es \u2013 75008 PARIS, France, registered with the Trade and Companies Register of PARIS under number B 421 527 797.<\/li>\n<\/ol>\n<p>The host can be contacted at the following telephone number: +33 1 70 99 53 41<\/p>\n<p>The data collected and processed by the site are hosted and processed exclusively in France.<\/p>\n<h2>Article 4: Data controller<\/h2>\n<h3>The data controller<\/h3>\n<p>The person responsible for processing personal data is: Mr. Guy Meslin. He can be contacted by telephone during office hours on +33 557 247 979<\/p>\n<p>The data controller is responsible for determining the purposes of and means used for processing personal data.<\/p>\n<h3>Obligations of the data controller<\/h3>\n<p>The data controller undertakes to protect the personal data collected, not to transmit them to third parties without the data subject having been informed and to only collect them for the purposes stated above.<\/p>\n<p>The website has an SSL certificate to guarantee that the information and the transfer of data passing through the site are secure.<\/p>\n<p>An SSL certificate (\u201cSecure Socket Layer\u201d Certificate) is intended to secure the data exchanged between the data subject and the website.<\/p>\n<p>In addition, the data controller undertakes to notify the data subject in the event of rectification or deletion of the data, unless this entails disproportionate formalities, costs and procedures.<\/p>\n<p>In the event that the integrity, confidentiality or security of the data subject\u2019s personal data is compromised, the data controller undertakes to inform him\/her by all available means.<\/p>\n<h2>Article 5: Data subject\u2019s rights<\/h2>\n<p>In accordance with the regulations concerning the processing of personal data, the data subject has the rights listed below.<\/p>\n<p>If the data subject wishes to make a request, he\/she must provide his\/her first and last name and e-mail address to enable the data controller to grant said request.<\/p>\n<p>The data controller is required to respond to the data subject within a maximum of 30 (thirty) days.<\/p>\n<h3>Data subject\u2019s rights with regard to data collection and processing<\/h3>\n<h4>Right of access, rectification and right to erasure<\/h4>\n<p>The data subject can read, update, modify or request the deletion of data concerning him\/her, by applying the procedure below:<\/p>\n<ol class=\"list\">\n<li>Request by e-mail or by post to the following address:\u00a0<a href=\"mailto:info@laroze.com\">info@laroze.com<\/a>\u2013 Ch\u00e2teau Laroze, BP61, 33330 Saint-\u00c9milion, France<\/li>\n<\/ol>\n<h4>Right to data portability<\/h4>\n<p>The data subject has the right to request the portability of his\/her personal data, held by the website, to another site, by applying the following procedure:<\/p>\n<ol class=\"list\">\n<li>Request by e-mail or by post to the following address:\u00a0<a href=\"mailto:info@laroze.com\">info@laroze.com<\/a>\u2013 Ch\u00e2teau Laroze, BP61, 33330 Saint-\u00c9milion, France<\/li>\n<\/ol>\n<h4>\u00a0Right to restrict or object to data processing<\/h4>\n<p>The data subject has the right to request the restriction of or object to the processing of his\/her data by the data controller, without the latter being able to refuse, unless if legitimate and compelling reasons, which override the interests, rights and freedoms of the data subject, can be demonstrated to prevail.<\/p>\n<p>In order to request the restriction of or to object to the processing of his\/her data, the data subject must apply the following procedure:<\/p>\n<ol class=\"list\">\n<li>Request by e-mail or by post to the following address:\u00a0<a href=\"mailto:info@laroze.com\">info@laroze.com<\/a>\u2013 Ch\u00e2teau Laroze, BP61, 33330 Saint-\u00c9milion, France<\/li>\n<\/ol>\n<h4>\u00a0Right not to be subject to a decision based solely on automated processing<\/h4>\n<p>In accordance with the provisions of European Regulation 2016\/679, the data subject has the right not to be subject to a decision based solely on automated processing, which produces legal effects concerning him or her or similarly significantly affects him or her.<\/p>\n<h4>Right to determine the fate of data after death<\/h4>\n<p>The data subject is reminded that he\/she can decide what is to be the fate of his\/her collected and processed data if he\/she dies, in accordance with Law No. 2016-1321 dated October 7, 2016.<\/p>\n<h4>Right to seize the competent supervisory authority<\/h4>\n<p>In the event that the data controller decides not to respond to a data subject\u2019s request, and the data subject wishes to challenge this decision, or, if he\/she believes that one of the rights listed above has been violated, he\/she is entitled to appeal to the CNIL (Commission Nationale de l\u2019Informatique et des Libert\u00e9s, https:\/\/www.cnil.fr) or any competent court.<\/p>\n<h3>Personal data of children<\/h3>\n<p>In accordance with the provisions of Article 8 of European Regulation 2016\/679 and the Data Protection Act, only children aged 15 or over can consent to the processing of their personal data.<\/p>\n<p>If the data subject is a child under the age of 15, the consent of a legal representative is required for personal data to be collected and processed.<\/p>\n<p>The website editor reserves the right to verify by any available means that the site user is over 15 years of age, or that he\/she has obtained the consent of a legal representative before browsing the site.<\/p>\n<h2>Article 6: Use of cookies<\/h2>\n<p>The site may use cookies.<\/p>\n<p>A cookie is a small file (less than 4 kB), stored by the website on the user\u2019s hard drive, containing information relating to his\/her browsing habits.<\/p>\n<p>These files enable statistics and traffic information to be processed and browsing to be facilitated. They also help to improve the service for the convenience of the user.<\/p>\n<p>It is required that the user\u2019s consent be requested to employ cookies to save and analyse his\/her personal data.<\/p>\n<p>User consent is considered valid for a maximum period of 13 (thirteen) months. At the end of this period, the site will again request the user\u2019s authorization to save cookies on his\/her hard drive.<\/p>\n<p><strong>User objection to the website\u2019s use of cookies<\/strong><\/p>\n<p>Users are hereby informed that they are entitled to prevent cookies being saved on their hard disk by configuring their browser software.<\/p>\n<p>The steps required to configure your browser software to prevent cookies being saved to your hard disk, can be found at the following addresses:<\/p>\n<ol class=\"list\">\n<li><strong>Chrome<\/strong>: https:\/\/support.google.com\/accounts\/answer\/61416?hl=fr<\/li>\n<li><strong>Firefox<\/strong>: https:\/\/support.mozilla.org\/fr\/kb\/enable-and-disable-cookies-website-preferences<\/li>\n<li><strong>Safari<\/strong>: http:\/\/www.apple.com\/legal\/privacy\/fr-ww\/<\/li>\n<li><strong>Internet Explorer<\/strong>: https:\/\/support.microsoft.com\/fr-fr\/help\/17442\/windows-internet-explorer-delete-manage-cookies<\/li>\n<li><strong>Opera<\/strong>: http:\/\/www.opera.com\/help\/tutorials\/security\/cookies\/<\/li>\n<\/ol>\n<p>If you decide to deactivate cookies, you will be able to continue browsing this site. However, the website editor cannot be considered responsible for any dysfunction of the site caused as a result of deactivating cookies.<\/p>\n<p><strong>Description of the cookies used by the website<\/strong><\/p>\n<p>The site editor hereby informs users that the following cookies are employed when browsing:<\/p>\n<table width=\"0\">\n<tbody>\n<tr>\n<td width=\"589\">Google Analytics<\/td>\n<td width=\"589\">website audience analysis service<\/td>\n<\/tr>\n<\/tbody>\n<\/table>\n<h2>Article 7: Modification of this Privacy Policy<\/h2>\n<p>This Privacy Policy can be consulted at any time at the address below: <a href=\"https:\/\/laroze.com\/en\/legal-notice\/\">https:\/\/laroze.com\/mentions-legales\/<\/a><\/p>\n<p>The website editor reserves the right to modify this Policy to ensure it meets the requirements of laws in force.<\/p>\n<p>Consequently, users are encouraged to consult this Privacy Policy regularly to stay informed of the latest changes that may be made.<\/p>\n<p>The user is informed that this Privacy Policy was last updated on: 25 March 2021.<\/p>\n<h2>Article 8: User acceptance of this Privacy Policy<\/h2>\n<p>By browsing this site, you certify that you have read and understood this Privacy Policy and accept its conditions, especially with regard to the collection and processing of your personal data, as well as the use of cookies.<\/p>\n<\/div><\/section><\/div><\/div><\/div><\/div><!-- close content main div --><\/div><\/div><div id='av-layout-grid-2'  class='av-layout-grid-container av-x1j-78a3f4ce9e85ee99de082d6f319a15f4 entry-content-wrapper main_color av-flex-cells  avia-builder-el-6  el_after_av_one_full  el_before_av_layout_row  grid-row-not-first av-small-hide av-mini-hide container_wrap fullsize'  >\n\n<style type=\"text\/css\" data-created_by=\"avia_inline_auto\" id=\"style-css-av-8can-e0dab0c253a6673ff5594dbcf534a68a\">\n.flex_cell.av-8can-e0dab0c253a6673ff5594dbcf534a68a{\nvertical-align:top;\nbackground-color:rgba(236,222,187,0.2);\n}\n.responsive #top #wrap_all .flex_cell.av-8can-e0dab0c253a6673ff5594dbcf534a68a{\npadding:25px 25px 25px 25px !important;\n}\n<\/style>\n<div class='flex_cell av-8can-e0dab0c253a6673ff5594dbcf534a68a av-gridrow-cell av_one_full no_margin  avia-builder-el-7  avia-builder-el-no-sibling  content-align-top'  ><div class='flex_cell_inner'><\/div><\/div>\n<\/div><\/p>\n<div id='av-layout-grid-3'  class='av-layout-grid-container av-4jmx-09fdbd862fbd54797265cfba542cc7f9 entry-content-wrapper main_color av-flex-cells  avia-builder-el-8  el_after_av_layout_row  avia-builder-el-last  grid-row-not-first av-small-hide av-mini-hide container_wrap fullsize'  >\n\n<style type=\"text\/css\" data-created_by=\"avia_inline_auto\" id=\"style-css-av-37wv-61905664e213f64d7d61dad31a17e287\">\n.flex_cell.av-37wv-61905664e213f64d7d61dad31a17e287{\nvertical-align:top;\nbackground:url(https:\/\/laroze.com\/wp-content\/uploads\/2020\/12\/frise5-1.png) 50% 100% repeat-x scroll rgba(236,222,187,0.2);\n}\n.responsive #top #wrap_all .flex_cell.av-37wv-61905664e213f64d7d61dad31a17e287{\npadding:25px 25px 25px 25px !important;\n}\n<\/style>\n<div class='flex_cell av-37wv-61905664e213f64d7d61dad31a17e287 av-gridrow-cell av_one_full no_margin  avia-builder-el-9  avia-builder-el-no-sibling  content-align-top'  ><div class='flex_cell_inner'><\/div><\/div>\n<\/div>\n","protected":false},"excerpt":{"rendered":"","protected":false},"author":1,"featured_media":0,"parent":0,"menu_order":0,"comment_status":"closed","ping_status":"open","template":"","meta":{"footnotes":""},"class_list":["post-4336","page","type-page","status-publish","hentry"],"yoast_head":"<!-- This site is optimized with the Yoast SEO plugin v27.3 - https:\/\/yoast.com\/product\/yoast-seo-wordpress\/ -->\n<title>Privacy Policy | Ch\u00e2teau Laroze<\/title>\n<meta name=\"robots\" content=\"index, follow, max-snippet:-1, max-image-preview:large, max-video-preview:-1\" \/>\n<link rel=\"canonical\" href=\"https:\/\/laroze.com\/en\/privacy-policy\/\" \/>\n<meta property=\"og:locale\" content=\"en_US\" \/>\n<meta property=\"og:type\" content=\"article\" \/>\n<meta property=\"og:title\" content=\"Privacy Policy | Ch\u00e2teau Laroze\" \/>\n<meta property=\"og:url\" content=\"https:\/\/laroze.com\/en\/privacy-policy\/\" \/>\n<meta property=\"og:site_name\" content=\"Ch\u00e2teau Laroze\" \/>\n<meta property=\"article:publisher\" content=\"https:\/\/www.facebook.com\/ChateauLarozeFamilleGurchyMeslin\" \/>\n<meta property=\"article:modified_time\" content=\"2021-04-06T10:10:45+00:00\" \/>\n<meta property=\"og:image\" content=\"https:\/\/laroze.com\/wp-content\/uploads\/2021\/02\/logo-laroze-1.png\" \/>\n\t<meta property=\"og:image:width\" content=\"340\" \/>\n\t<meta property=\"og:image:height\" content=\"120\" \/>\n\t<meta property=\"og:image:type\" content=\"image\/png\" \/>\n<meta name=\"twitter:card\" content=\"summary_large_image\" \/>\n<meta name=\"twitter:label1\" content=\"Est. reading time\" \/>\n\t<meta name=\"twitter:data1\" content=\"12 minutes\" \/>\n<script type=\"application\/ld+json\" class=\"yoast-schema-graph\">{\"@context\":\"https:\\\/\\\/schema.org\",\"@graph\":[{\"@type\":\"WebPage\",\"@id\":\"https:\\\/\\\/laroze.com\\\/en\\\/privacy-policy\\\/\",\"url\":\"https:\\\/\\\/laroze.com\\\/en\\\/privacy-policy\\\/\",\"name\":\"Privacy Policy | Ch\u00e2teau Laroze\",\"isPartOf\":{\"@id\":\"https:\\\/\\\/laroze.com\\\/en\\\/#website\"},\"datePublished\":\"2021-03-25T16:21:40+00:00\",\"dateModified\":\"2021-04-06T10:10:45+00:00\",\"breadcrumb\":{\"@id\":\"https:\\\/\\\/laroze.com\\\/en\\\/privacy-policy\\\/#breadcrumb\"},\"inLanguage\":\"en-US\",\"potentialAction\":[{\"@type\":\"ReadAction\",\"target\":[\"https:\\\/\\\/laroze.com\\\/en\\\/privacy-policy\\\/\"]}]},{\"@type\":\"BreadcrumbList\",\"@id\":\"https:\\\/\\\/laroze.com\\\/en\\\/privacy-policy\\\/#breadcrumb\",\"itemListElement\":[{\"@type\":\"ListItem\",\"position\":1,\"name\":\"Accueil\",\"item\":\"https:\\\/\\\/laroze.com\\\/en\\\/\"},{\"@type\":\"ListItem\",\"position\":2,\"name\":\"Privacy Policy\"}]},{\"@type\":\"WebSite\",\"@id\":\"https:\\\/\\\/laroze.com\\\/en\\\/#website\",\"url\":\"https:\\\/\\\/laroze.com\\\/en\\\/\",\"name\":\"Ch\u00e2teau Laroze\",\"description\":\"Saint \u00c9milion Grand Cru Class\u00e9\",\"publisher\":{\"@id\":\"https:\\\/\\\/laroze.com\\\/en\\\/#organization\"},\"potentialAction\":[{\"@type\":\"SearchAction\",\"target\":{\"@type\":\"EntryPoint\",\"urlTemplate\":\"https:\\\/\\\/laroze.com\\\/en\\\/?s={search_term_string}\"},\"query-input\":{\"@type\":\"PropertyValueSpecification\",\"valueRequired\":true,\"valueName\":\"search_term_string\"}}],\"inLanguage\":\"en-US\"},{\"@type\":\"Organization\",\"@id\":\"https:\\\/\\\/laroze.com\\\/en\\\/#organization\",\"name\":\"Ch\u00e2teau Laroze\",\"url\":\"https:\\\/\\\/laroze.com\\\/en\\\/\",\"logo\":{\"@type\":\"ImageObject\",\"inLanguage\":\"en-US\",\"@id\":\"https:\\\/\\\/laroze.com\\\/en\\\/#\\\/schema\\\/logo\\\/image\\\/\",\"url\":\"https:\\\/\\\/laroze.com\\\/wp-content\\\/uploads\\\/2021\\\/02\\\/logo-laroze-1.png\",\"contentUrl\":\"https:\\\/\\\/laroze.com\\\/wp-content\\\/uploads\\\/2021\\\/02\\\/logo-laroze-1.png\",\"width\":340,\"height\":120,\"caption\":\"Ch\u00e2teau Laroze\"},\"image\":{\"@id\":\"https:\\\/\\\/laroze.com\\\/en\\\/#\\\/schema\\\/logo\\\/image\\\/\"},\"sameAs\":[\"https:\\\/\\\/www.facebook.com\\\/ChateauLarozeFamilleGurchyMeslin\",\"https:\\\/\\\/www.instagram.com\\\/chateaularoze\\\/\",\"https:\\\/\\\/www.linkedin.com\\\/company\\\/chateau-laroze\\\/\",\"https:\\\/\\\/www.youtube.com\\\/channel\\\/UCxfXrxdDM0ZaMeZknKG5nog\"]}]}<\/script>\n<!-- \/ Yoast SEO plugin. -->","yoast_head_json":{"title":"Privacy Policy | Ch\u00e2teau Laroze","robots":{"index":"index","follow":"follow","max-snippet":"max-snippet:-1","max-image-preview":"max-image-preview:large","max-video-preview":"max-video-preview:-1"},"canonical":"https:\/\/laroze.com\/en\/privacy-policy\/","og_locale":"en_US","og_type":"article","og_title":"Privacy Policy | Ch\u00e2teau Laroze","og_url":"https:\/\/laroze.com\/en\/privacy-policy\/","og_site_name":"Ch\u00e2teau Laroze","article_publisher":"https:\/\/www.facebook.com\/ChateauLarozeFamilleGurchyMeslin","article_modified_time":"2021-04-06T10:10:45+00:00","og_image":[{"width":340,"height":120,"url":"https:\/\/laroze.com\/wp-content\/uploads\/2021\/02\/logo-laroze-1.png","type":"image\/png"}],"twitter_card":"summary_large_image","twitter_misc":{"Est. reading time":"12 minutes"},"schema":{"@context":"https:\/\/schema.org","@graph":[{"@type":"WebPage","@id":"https:\/\/laroze.com\/en\/privacy-policy\/","url":"https:\/\/laroze.com\/en\/privacy-policy\/","name":"Privacy Policy | Ch\u00e2teau Laroze","isPartOf":{"@id":"https:\/\/laroze.com\/en\/#website"},"datePublished":"2021-03-25T16:21:40+00:00","dateModified":"2021-04-06T10:10:45+00:00","breadcrumb":{"@id":"https:\/\/laroze.com\/en\/privacy-policy\/#breadcrumb"},"inLanguage":"en-US","potentialAction":[{"@type":"ReadAction","target":["https:\/\/laroze.com\/en\/privacy-policy\/"]}]},{"@type":"BreadcrumbList","@id":"https:\/\/laroze.com\/en\/privacy-policy\/#breadcrumb","itemListElement":[{"@type":"ListItem","position":1,"name":"Accueil","item":"https:\/\/laroze.com\/en\/"},{"@type":"ListItem","position":2,"name":"Privacy Policy"}]},{"@type":"WebSite","@id":"https:\/\/laroze.com\/en\/#website","url":"https:\/\/laroze.com\/en\/","name":"Ch\u00e2teau Laroze","description":"Saint \u00c9milion Grand Cru Class\u00e9","publisher":{"@id":"https:\/\/laroze.com\/en\/#organization"},"potentialAction":[{"@type":"SearchAction","target":{"@type":"EntryPoint","urlTemplate":"https:\/\/laroze.com\/en\/?s={search_term_string}"},"query-input":{"@type":"PropertyValueSpecification","valueRequired":true,"valueName":"search_term_string"}}],"inLanguage":"en-US"},{"@type":"Organization","@id":"https:\/\/laroze.com\/en\/#organization","name":"Ch\u00e2teau Laroze","url":"https:\/\/laroze.com\/en\/","logo":{"@type":"ImageObject","inLanguage":"en-US","@id":"https:\/\/laroze.com\/en\/#\/schema\/logo\/image\/","url":"https:\/\/laroze.com\/wp-content\/uploads\/2021\/02\/logo-laroze-1.png","contentUrl":"https:\/\/laroze.com\/wp-content\/uploads\/2021\/02\/logo-laroze-1.png","width":340,"height":120,"caption":"Ch\u00e2teau Laroze"},"image":{"@id":"https:\/\/laroze.com\/en\/#\/schema\/logo\/image\/"},"sameAs":["https:\/\/www.facebook.com\/ChateauLarozeFamilleGurchyMeslin","https:\/\/www.instagram.com\/chateaularoze\/","https:\/\/www.linkedin.com\/company\/chateau-laroze\/","https:\/\/www.youtube.com\/channel\/UCxfXrxdDM0ZaMeZknKG5nog"]}]}},"_links":{"self":[{"href":"https:\/\/laroze.com\/en\/wp-json\/wp\/v2\/pages\/4336","targetHints":{"allow":["GET"]}}],"collection":[{"href":"https:\/\/laroze.com\/en\/wp-json\/wp\/v2\/pages"}],"about":[{"href":"https:\/\/laroze.com\/en\/wp-json\/wp\/v2\/types\/page"}],"author":[{"embeddable":true,"href":"https:\/\/laroze.com\/en\/wp-json\/wp\/v2\/users\/1"}],"replies":[{"embeddable":true,"href":"https:\/\/laroze.com\/en\/wp-json\/wp\/v2\/comments?post=4336"}],"version-history":[{"count":0,"href":"https:\/\/laroze.com\/en\/wp-json\/wp\/v2\/pages\/4336\/revisions"}],"wp:attachment":[{"href":"https:\/\/laroze.com\/en\/wp-json\/wp\/v2\/media?parent=4336"}],"curies":[{"name":"wp","href":"https:\/\/api.w.org\/{rel}","templated":true}]}}