{"id":4317,"date":"2021-03-25T16:49:56","date_gmt":"2021-03-25T15:49:56","guid":{"rendered":"https:\/\/laroze.com\/us-and-the-estate\/property-identity\/"},"modified":"2024-10-22T12:30:58","modified_gmt":"2024-10-22T10:30:58","slug":"property-identity","status":"publish","type":"page","link":"https:\/\/laroze.com\/en\/us-and-the-estate\/property-identity\/","title":{"rendered":"Property identity"},"content":{"rendered":"<div id='identite'  class='av-layout-grid-container av-ki8urcpd-3f4c38eca3d0874403b92f1a425e6188 entry-content-wrapper main_color av-flex-cells  avia-builder-el-0  el_before_av_submenu  avia-builder-el-first  av-cell-min-height av-cell-min-height-75  container_wrap fullsize'   data-av_minimum_height_pc='75'>\n\n<style type=\"text\/css\" data-created_by=\"avia_inline_auto\" id=\"style-css-av-ki8urvn4-ff2900d8637e27b2dce7ebf292e2bb34\">\n.flex_cell.av-ki8urvn4-ff2900d8637e27b2dce7ebf292e2bb34{\nvertical-align:bottom;\nbackground-color:rgba(0,51,59,0.35);\n}\n.responsive #top #wrap_all .flex_cell.av-ki8urvn4-ff2900d8637e27b2dce7ebf292e2bb34{\npadding:50px 50px 50px 50px !important;\n}\n<\/style>\n<div class='flex_cell av-ki8urvn4-ff2900d8637e27b2dce7ebf292e2bb34 av-gridrow-cell av_one_half no_margin  avia-builder-el-1  el_before_av_cell_one_half  avia-builder-el-first  content-align-bottom'  ><div class='flex_cell_inner'>\n<style type=\"text\/css\" data-created_by=\"avia_inline_auto\" id=\"style-css-av-ki76imsp-fb87c1a593d893c6a56cdd016b81460b\">\n#top .av_textblock_section.av-ki76imsp-fb87c1a593d893c6a56cdd016b81460b .avia_textblock{\ncolor:#ffffff;\n}\n<\/style>\n<section  class='av_textblock_section av-ki76imsp-fb87c1a593d893c6a56cdd016b81460b '   itemscope=\"itemscope\" itemtype=\"https:\/\/schema.org\/CreativeWork\" ><div class='avia_textblock av_inherit_color'  itemprop=\"text\" ><h1>Property identity<\/h1>\n<\/div><\/section>\n<\/div><\/div>\n<style type=\"text\/css\" data-created_by=\"avia_inline_auto\" id=\"style-css-av-76qkc-dc431c2cae2d20d6165a8809f96dc4ef\">\n.flex_cell.av-76qkc-dc431c2cae2d20d6165a8809f96dc4ef{\nvertical-align:top;\n}\n.responsive #top #wrap_all .flex_cell.av-76qkc-dc431c2cae2d20d6165a8809f96dc4ef{\npadding:30px 30px 30px 30px !important;\n}\n<\/style>\n<div class='flex_cell av-76qkc-dc431c2cae2d20d6165a8809f96dc4ef av-gridrow-cell av_one_half no_margin av-hide-on-mobile  avia-builder-el-3  el_after_av_cell_one_half  avia-builder-el-last  content-align-top'  ><div class='flex_cell_inner'><\/div><\/div>\n<\/div>\n<div class='clear'><\/div><div id='sous-menu'  class='av-submenu-container av-kk5mxdvh-ef29cc47c51af53d18215046f6ef90be header_color  avia-builder-el-4  el_after_av_layout_row  el_before_av_section  av-sticky-submenu submenu-not-first container_wrap fullsize' style='z-index:301' ><div class='container av-menu-mobile-disabled av-submenu-pos-right'><ul id=\"menu-sous-menu-notre-propriete-anglais\" class=\"av-subnav-menu\" role=\"menu\"><li role=\"menuitem\" id=\"menu-item-4354\" class=\"menu-item menu-item-type-post_type menu-item-object-page menu-item-top-level menu-item-top-level-1\"><a href=\"https:\/\/laroze.com\/en\/us-and-the-estate\/property-identity\/\" itemprop=\"url\" tabindex=\"0\"><span class=\"avia-bullet\"><\/span><span class=\"avia-menu-text\">Property identity<\/span><span class=\"avia-menu-fx\"><span class=\"avia-arrow-wrap\"><span class=\"avia-arrow\"><\/span><\/span><\/span><\/a><\/li>\n<li role=\"menuitem\" id=\"menu-item-4355\" class=\"menu-item menu-item-type-post_type menu-item-object-page menu-item-top-level menu-item-top-level-2\"><a href=\"https:\/\/laroze.com\/en\/us-and-the-estate\/family-spirit\/\" itemprop=\"url\" tabindex=\"0\"><span class=\"avia-bullet\"><\/span><span class=\"avia-menu-text\">Family spirit<\/span><span class=\"avia-menu-fx\"><span class=\"avia-arrow-wrap\"><span class=\"avia-arrow\"><\/span><\/span><\/span><\/a><\/li>\n<li role=\"menuitem\" id=\"menu-item-4356\" class=\"menu-item menu-item-type-post_type menu-item-object-page menu-item-top-level menu-item-top-level-3\"><a href=\"https:\/\/laroze.com\/en\/us-and-the-estate\/the-philosophy-of-being-a-trustee\/\" itemprop=\"url\" tabindex=\"0\"><span class=\"avia-bullet\"><\/span><span class=\"avia-menu-text\">The philosophy of being a trustee<\/span><span class=\"avia-menu-fx\"><span class=\"avia-arrow-wrap\"><span class=\"avia-arrow\"><\/span><\/span><\/span><\/a><\/li>\n<\/ul><\/div><\/div><div class='sticky_placeholder'><\/div>\n\n<style type=\"text\/css\" data-created_by=\"avia_inline_auto\" id=\"style-css-av-kjspnnbm-af4bef6e59d58cab1cb9f9d63491214b\">\n.avia-section.av-kjspnnbm-af4bef6e59d58cab1cb9f9d63491214b{\nbackground-color:#fcf8f1;\nbackground-image:unset;\n}\n<\/style>\n<div id='av_section_1'  class='avia-section av-kjspnnbm-af4bef6e59d58cab1cb9f9d63491214b main_color avia-section-default avia-no-border-styling  avia-builder-el-5  el_after_av_submenu  el_before_av_section  avia-bg-style-scroll av-minimum-height av-minimum-height-25 av-height-25  container_wrap fullsize'   data-av_minimum_height_pc='25' data-av_min_height_opt='25'><div class='container av-section-cont-open' ><div class='template-page content  av-content-full alpha units'><div class='post-entry post-entry-type-page post-entry-4317'><div class='entry-content-wrapper clearfix'>\n<div class='flex_column_table av-ki8mulxg-fdfe0ac032cc210bc8e25d6128d6ee82 sc-av_one_full av-equal-height-column-flextable'>\n<style type=\"text\/css\" data-created_by=\"avia_inline_auto\" id=\"style-css-av-ki8mulxg-fdfe0ac032cc210bc8e25d6128d6ee82\">\n.flex_column.av-ki8mulxg-fdfe0ac032cc210bc8e25d6128d6ee82{\nborder-radius:0px 0px 0px 0px;\npadding:5% 5% 5% 5%;\n}\n<\/style>\n<div  class='flex_column av-ki8mulxg-fdfe0ac032cc210bc8e25d6128d6ee82 av_one_full  avia-builder-el-6  avia-builder-el-no-sibling  first no_margin flex_column_table_cell av-equal-height-column av-align-middle av-animated-generic fade-in  '     ><section  class='av_textblock_section av-ki76imsp-80a58775edd18a984f7367a25ab938e6 '   itemscope=\"itemscope\" itemtype=\"https:\/\/schema.org\/CreativeWork\" ><div class='avia_textblock'  itemprop=\"text\" ><h2>1610<\/h2>\n<p style=\"text-align: left;\">Like a gem nestling amongst the vine slopes, Ch\u00e2teau Laroze preserves within its walls one of Saint-Emilion\u2019s greatest treasures. 400 years of what amazingly still remains family winegrowing, make up the living memory of this property and Saint-Emilion itself. Today, Guy Meslin is its trustee, more than simply its owner.<\/p>\n<\/div><\/section><\/div><\/div><!--close column table wrapper. Autoclose: 1 -->\n\n<\/div><\/div><\/div><!-- close content main div --><\/div><\/div>\n<style type=\"text\/css\" data-created_by=\"avia_inline_auto\" id=\"style-css-av-kjspnnbm-a6814b56ed5b62680c6cbb69cfee0e59\">\n.avia-section.av-kjspnnbm-a6814b56ed5b62680c6cbb69cfee0e59{\nbackground-color:#b78813;\nbackground-image:unset;\n}\n<\/style>\n<div id='av_section_2'  class='avia-section av-kjspnnbm-a6814b56ed5b62680c6cbb69cfee0e59 main_color avia-section-default avia-no-border-styling  avia-builder-el-8  el_after_av_section  el_before_av_layout_row  repeat-video av-small-hide av-mini-hide avia-bg-style-scroll av-minimum-height av-minimum-height-custom av-height-custom  container_wrap fullsize'   data-av_minimum_height_px='600'><div class='container av-section-cont-open' style='height:600px'><div class='template-page content  av-content-full alpha units'><div class='post-entry post-entry-type-page post-entry-4317'><div class='entry-content-wrapper clearfix'>\n<div class='flex_column_table av-2bas8x-f6aee076f979985ea10a613ebc7d3119 sc-av_one_full av-equal-height-column-flextable'>\n<style type=\"text\/css\" data-created_by=\"avia_inline_auto\" id=\"style-css-av-2bas8x-f6aee076f979985ea10a613ebc7d3119\">\n.flex_column.av-2bas8x-f6aee076f979985ea10a613ebc7d3119{\nborder-radius:0px 0px 0px 0px;\npadding:0px 0px 0px 0px;\n}\n<\/style>\n<div  class='flex_column av-2bas8x-f6aee076f979985ea10a613ebc7d3119 av_one_full  avia-builder-el-9  el_before_av_two_fifth  avia-builder-el-first  first flex_column_table_cell av-equal-height-column av-align-middle av-animated-generic fade-in av-zero-column-padding  '     ><div  class='avia-video av-kju4x2rn-ba771534dfa5a2882e28e3783375176c avia-video-16-9 ombre av-no-preview-image avia-video-load-always av-lazyload-immediate av-lazyload-video-embed'  itemprop=\"video\" itemtype=\"https:\/\/schema.org\/VideoObject\"  data-original_url='https:\/\/vimeo.com\/1010891499'><script type='text\/html' class='av-video-tmpl'><div class='avia-iframe-wrap'><iframe loading=\"lazy\" title=\"Chateau-Laroze-3D-Engl\" src=\"https:\/\/player.vimeo.com\/video\/1010891499?dnt=1&amp;app_id=122963&autoplay=0&loop=0&controls=1&muted=0\" width=\"1500\" height=\"844\" frameborder=\"0\" allow=\"autoplay; fullscreen; picture-in-picture; clipboard-write\"><\/iframe><\/div><\/script><div class='av-click-to-play-overlay'><div class=\"avia_playpause_icon\"><\/div><\/div><\/div><\/div><\/div><!--close column table wrapper. Autoclose: 1 --><div class='flex_column_table av-2bas8x-500cea46d820b62d67abf8fac8279562 sc-av_two_fifth av-equal-height-column-flextable'>\n<style type=\"text\/css\" data-created_by=\"avia_inline_auto\" id=\"style-css-av-2bas8x-500cea46d820b62d67abf8fac8279562\">\n.flex_column.av-2bas8x-500cea46d820b62d67abf8fac8279562{\nborder-radius:0px 0px 0px 0px;\npadding:0px 0px 0px 0px;\n}\n<\/style>\n<div  class='flex_column av-2bas8x-500cea46d820b62d67abf8fac8279562 av_two_fifth  avia-builder-el-11  el_after_av_one_full  el_before_av_one_fifth  first flex_column_table_cell av-equal-height-column av-align-top av-animated-generic left-to-right av-zero-column-padding  column-top-margin'     ><style type=\"text\/css\" data-created_by=\"avia_inline_auto\" id=\"style-css-av-ki76imsp-fb87c1a593d893c6a56cdd016b81460b\">\n#top .av_textblock_section.av-ki76imsp-fb87c1a593d893c6a56cdd016b81460b .avia_textblock{\ncolor:#ffffff;\n}\n<\/style>\n<section  class='av_textblock_section av-ki76imsp-fb87c1a593d893c6a56cdd016b81460b '   itemscope=\"itemscope\" itemtype=\"https:\/\/schema.org\/CreativeWork\" ><div class='avia_textblock av_inherit_color'  itemprop=\"text\" ><h3 style=\"text-align: left;\">Situation<\/h3>\n<p style=\"text-align: left;\">27 hectares (66.7 acres) of vines surround a magnificent 2-hectare (5-acre) treed park and a 19th century mansion, built in the Napoleon III style. The vines grow at the foot of the slope in a single plot, located 1.5 km (1 mile) north-west of the historic village of Saint-Emilion.<\/p>\n<\/div><\/section><\/div><div class='av-flex-placeholder'><\/div>\n<style type=\"text\/css\" data-created_by=\"avia_inline_auto\" id=\"style-css-av-kjspo63w-b8ae35d309a0dbeaafa356a658709a2d\">\n.flex_column.av-kjspo63w-b8ae35d309a0dbeaafa356a658709a2d{\nborder-radius:0px 0px 0px 0px;\npadding:5% 5% 5% 5%;\nbackground:url(https:\/\/laroze.com\/wp-content\/uploads\/2021\/02\/sep-laroze-1.png) 50% 50% no-repeat scroll ;\n}\n<\/style>\n<div  class='flex_column av-kjspo63w-b8ae35d309a0dbeaafa356a658709a2d av_one_fifth  avia-builder-el-13  el_after_av_two_fifth  el_before_av_two_fifth  flex_column_table_cell av-equal-height-column av-align-top av-animated-generic fade-in avia-full-contain  column-top-margin'     ><\/div><div class='av-flex-placeholder'><\/div>\n<style type=\"text\/css\" data-created_by=\"avia_inline_auto\" id=\"style-css-av-kjspo63w-dc4286ad7d04fddc7114d6d1f3409860\">\n.flex_column.av-kjspo63w-dc4286ad7d04fddc7114d6d1f3409860{\nborder-radius:0px 0px 0px 0px;\npadding:0px 0px 0px 0px;\n}\n<\/style>\n<div  class='flex_column av-kjspo63w-dc4286ad7d04fddc7114d6d1f3409860 av_two_fifth  avia-builder-el-14  el_after_av_one_fifth  avia-builder-el-last  flex_column_table_cell av-equal-height-column av-align-top av-animated-generic right-to-left av-zero-column-padding avia-full-stretch  column-top-margin'     ><style type=\"text\/css\" data-created_by=\"avia_inline_auto\" id=\"style-css-av-ki76imsp-fb87c1a593d893c6a56cdd016b81460b\">\n#top .av_textblock_section.av-ki76imsp-fb87c1a593d893c6a56cdd016b81460b .avia_textblock{\ncolor:#ffffff;\n}\n<\/style>\n<section  class='av_textblock_section av-ki76imsp-fb87c1a593d893c6a56cdd016b81460b '   itemscope=\"itemscope\" itemtype=\"https:\/\/schema.org\/CreativeWork\" ><div class='avia_textblock av_inherit_color'  itemprop=\"text\" ><h3>Geology<\/h3>\n<p>The history of Ch\u00e2teau Laroze wines begins with its soil, which is both siliceous and clayey. The former contributes elegant subtlety and the latter lends structure to the wines. Also part of the story are five grape varieties: Merlot, Cabernet Franc, Cabernet Sauvignon, Malbec and Petit Verdot.<\/p>\n<\/div><\/section><\/div><\/div><!--close column table wrapper. Autoclose: 1 --><\/div><\/div><\/div><!-- close content main div --><\/div><\/div><div id='av-layout-grid-2'  class='av-layout-grid-container av-9939g-9038ac16cbaea3dcca13b9d51b67e473 entry-content-wrapper main_color av-flex-cells  avia-builder-el-16  el_after_av_section  avia-builder-el-last  grid-row-not-first av-desktop-hide av-medium-hide container_wrap fullsize'  >\n\n<style type=\"text\/css\" data-created_by=\"avia_inline_auto\" id=\"style-css-av-ki8yfzdz-9f5a92f2c0a59a5f351dee1b41645033\">\n.flex_cell.av-ki8yfzdz-9f5a92f2c0a59a5f351dee1b41645033{\nvertical-align:top;\nbackground-color:#b78813;\n}\n.responsive #top #wrap_all .flex_cell.av-ki8yfzdz-9f5a92f2c0a59a5f351dee1b41645033{\npadding:25px 25px 25px 25px !important;\n}\n<\/style>\n<div class='flex_cell av-ki8yfzdz-9f5a92f2c0a59a5f351dee1b41645033 av-gridrow-cell av_one_full no_margin  avia-builder-el-17  avia-builder-el-no-sibling  content-align-top'  ><div class='flex_cell_inner'><p><div class='flex_column_table av-11tafg-a5c656955102e564f9589046241b39c3 sc-av_one_full av-equal-height-column-flextable'>\n<style type=\"text\/css\" data-created_by=\"avia_inline_auto\" id=\"style-css-av-11tafg-a5c656955102e564f9589046241b39c3\">\n.flex_column.av-11tafg-a5c656955102e564f9589046241b39c3{\nborder-radius:0px 0px 0px 0px;\npadding:0px 0px 0px 0px;\n}\n<\/style>\n<div  class='flex_column av-11tafg-a5c656955102e564f9589046241b39c3 av_one_full  avia-builder-el-18  el_before_av_one_half  avia-builder-el-first  first flex_column_table_cell av-equal-height-column av-align-middle av-animated-generic fade-in av-zero-column-padding  '     ><div  class='avia-video av-xoa8c-45e08b3d307545100e1a5f4d38dd7ed1 avia-video-16-9 ombre av-no-preview-image avia-video-load-always av-lazyload-immediate av-lazyload-video-embed'  itemprop=\"video\" itemtype=\"https:\/\/schema.org\/VideoObject\"  data-original_url='https:\/\/vimeo.com\/507459439'><script type='text\/html' class='av-video-tmpl'><div class='avia-iframe-wrap'><iframe loading=\"lazy\" title=\"Chateau-Laroze-3D-Fr-V-crte\" src=\"https:\/\/player.vimeo.com\/video\/507459439?speed=0&amp;dnt=1&amp;app_id=122963&autoplay=0&loop=0&controls=0&muted=0\" width=\"1500\" height=\"844\" frameborder=\"0\" allow=\"autoplay; fullscreen; picture-in-picture\" allowfullscreen><\/iframe><\/div><\/script><div class='av-click-to-play-overlay'><div class=\"avia_playpause_icon\"><\/div><\/div><\/div><\/div><\/div><!--close column table wrapper. Autoclose: 1 --><div class='flex_column_table av-tldng-5d1cc97c0199b9c245220ce3fa2b9e66 sc-av_one_half av-equal-height-column-flextable'>\n<style type=\"text\/css\" data-created_by=\"avia_inline_auto\" id=\"style-css-av-tldng-5d1cc97c0199b9c245220ce3fa2b9e66\">\n.flex_column.av-tldng-5d1cc97c0199b9c245220ce3fa2b9e66{\nborder-radius:0px 0px 0px 0px;\npadding:0px 0px 0px 0px;\n}\n<\/style>\n<div  class='flex_column av-tldng-5d1cc97c0199b9c245220ce3fa2b9e66 av_one_half  avia-builder-el-20  el_after_av_one_full  el_before_av_one_half  first no_margin flex_column_table_cell av-equal-height-column av-align-top av-animated-generic left-to-right av-zero-column-padding  column-top-margin'     ><style type=\"text\/css\" data-created_by=\"avia_inline_auto\" id=\"style-css-av-kghdg-0e6077203d64312a48b236142f8a1035\">\n#top .av_textblock_section.av-kghdg-0e6077203d64312a48b236142f8a1035 .avia_textblock{\ncolor:#ffffff;\n}\n<\/style>\n<section  class='av_textblock_section av-kghdg-0e6077203d64312a48b236142f8a1035 '   itemscope=\"itemscope\" itemtype=\"https:\/\/schema.org\/CreativeWork\" ><div class='avia_textblock av_inherit_color'  itemprop=\"text\" ><h3 style=\"text-align: left;\">Situation<\/h3>\n<p style=\"text-align: left;\">27 hectares (66.7 acres) of vines surround a magnificent 2-hectare (5-acre) treed park and a 19th century mansion, built in the Napoleon III style. The vines grow at the foot of the slope in a single plot, located 1.5 km (1 mile) north-west of the historic village of Saint-Emilion.<\/p>\n<\/div><\/section><\/div>\n<style type=\"text\/css\" data-created_by=\"avia_inline_auto\" id=\"style-css-av-dmgw4-19ef61f681bbbda2bce5b23a457bd2c0\">\n.flex_column.av-dmgw4-19ef61f681bbbda2bce5b23a457bd2c0{\nborder-radius:0px 0px 0px 0px;\npadding:0px 0px 0px 0px;\n}\n<\/style>\n<div  class='flex_column av-dmgw4-19ef61f681bbbda2bce5b23a457bd2c0 av_one_half  avia-builder-el-22  el_after_av_one_half  avia-builder-el-last  no_margin flex_column_table_cell av-equal-height-column av-align-top av-animated-generic right-to-left av-zero-column-padding avia-full-stretch  column-top-margin'     ><style type=\"text\/css\" data-created_by=\"avia_inline_auto\" id=\"style-css-av-9lat8-541b5cc84e08f9fd3dc13e73671435df\">\n#top .av_textblock_section.av-9lat8-541b5cc84e08f9fd3dc13e73671435df .avia_textblock{\ncolor:#ffffff;\n}\n<\/style>\n<section  class='av_textblock_section av-9lat8-541b5cc84e08f9fd3dc13e73671435df '   itemscope=\"itemscope\" itemtype=\"https:\/\/schema.org\/CreativeWork\" ><div class='avia_textblock av_inherit_color'  itemprop=\"text\" ><h3>Geology<\/h3>\n<p>The history of Ch\u00e2teau Laroze wines begins with its soil, which is both siliceous and clayey. The former contributes elegant subtlety and the latter lends structure to the wines. Also part of the story are five grape varieties: Merlot, Cabernet Franc, Cabernet Sauvignon, Malbec and Petit Verdot.<\/p>\n<\/div><\/section><\/div><\/div><!--close column table wrapper. Autoclose: 1 --><\/p>\n<\/div><\/div>\n<\/div><\/p>\n","protected":false},"excerpt":{"rendered":"","protected":false},"author":1,"featured_media":0,"parent":4305,"menu_order":0,"comment_status":"closed","ping_status":"closed","template":"","meta":{"footnotes":""},"class_list":["post-4317","page","type-page","status-publish","hentry"],"yoast_head":"<!-- This site is optimized with the Yoast SEO plugin v27.3 - https:\/\/yoast.com\/product\/yoast-seo-wordpress\/ -->\n<title>Property identity | Ch\u00e2teau Laroze<\/title>\n<meta name=\"robots\" content=\"index, follow, max-snippet:-1, max-image-preview:large, max-video-preview:-1\" \/>\n<link rel=\"canonical\" href=\"https:\/\/laroze.com\/en\/us-and-the-estate\/property-identity\/\" \/>\n<meta property=\"og:locale\" content=\"en_US\" \/>\n<meta property=\"og:type\" content=\"article\" \/>\n<meta property=\"og:title\" content=\"Property identity | Ch\u00e2teau Laroze\" \/>\n<meta property=\"og:url\" content=\"https:\/\/laroze.com\/en\/us-and-the-estate\/property-identity\/\" \/>\n<meta property=\"og:site_name\" content=\"Ch\u00e2teau Laroze\" \/>\n<meta property=\"article:publisher\" content=\"https:\/\/www.facebook.com\/ChateauLarozeFamilleGurchyMeslin\" \/>\n<meta property=\"article:modified_time\" content=\"2024-10-22T10:30:58+00:00\" \/>\n<meta property=\"og:image\" content=\"https:\/\/laroze.com\/wp-content\/uploads\/2021\/02\/logo-laroze-1.png\" \/>\n\t<meta property=\"og:image:width\" content=\"340\" \/>\n\t<meta property=\"og:image:height\" content=\"120\" \/>\n\t<meta property=\"og:image:type\" content=\"image\/png\" \/>\n<meta name=\"twitter:card\" content=\"summary_large_image\" \/>\n<meta name=\"twitter:label1\" content=\"Est. reading time\" \/>\n\t<meta name=\"twitter:data1\" content=\"2 minutes\" \/>\n<script type=\"application\/ld+json\" class=\"yoast-schema-graph\">{\"@context\":\"https:\\\/\\\/schema.org\",\"@graph\":[{\"@type\":\"WebPage\",\"@id\":\"https:\\\/\\\/laroze.com\\\/en\\\/us-and-the-estate\\\/property-identity\\\/\",\"url\":\"https:\\\/\\\/laroze.com\\\/en\\\/us-and-the-estate\\\/property-identity\\\/\",\"name\":\"Property identity | Ch\u00e2teau Laroze\",\"isPartOf\":{\"@id\":\"https:\\\/\\\/laroze.com\\\/en\\\/#website\"},\"datePublished\":\"2021-03-25T15:49:56+00:00\",\"dateModified\":\"2024-10-22T10:30:58+00:00\",\"breadcrumb\":{\"@id\":\"https:\\\/\\\/laroze.com\\\/en\\\/us-and-the-estate\\\/property-identity\\\/#breadcrumb\"},\"inLanguage\":\"en-US\",\"potentialAction\":[{\"@type\":\"ReadAction\",\"target\":[\"https:\\\/\\\/laroze.com\\\/en\\\/us-and-the-estate\\\/property-identity\\\/\"]}]},{\"@type\":\"BreadcrumbList\",\"@id\":\"https:\\\/\\\/laroze.com\\\/en\\\/us-and-the-estate\\\/property-identity\\\/#breadcrumb\",\"itemListElement\":[{\"@type\":\"ListItem\",\"position\":1,\"name\":\"Accueil\",\"item\":\"https:\\\/\\\/laroze.com\\\/en\\\/\"},{\"@type\":\"ListItem\",\"position\":2,\"name\":\"Us and the estate\",\"item\":\"https:\\\/\\\/laroze.com\\\/en\\\/us-and-the-estate\\\/\"},{\"@type\":\"ListItem\",\"position\":3,\"name\":\"Property identity\"}]},{\"@type\":\"WebSite\",\"@id\":\"https:\\\/\\\/laroze.com\\\/en\\\/#website\",\"url\":\"https:\\\/\\\/laroze.com\\\/en\\\/\",\"name\":\"Ch\u00e2teau Laroze\",\"description\":\"Saint \u00c9milion Grand Cru Class\u00e9\",\"publisher\":{\"@id\":\"https:\\\/\\\/laroze.com\\\/en\\\/#organization\"},\"potentialAction\":[{\"@type\":\"SearchAction\",\"target\":{\"@type\":\"EntryPoint\",\"urlTemplate\":\"https:\\\/\\\/laroze.com\\\/en\\\/?s={search_term_string}\"},\"query-input\":{\"@type\":\"PropertyValueSpecification\",\"valueRequired\":true,\"valueName\":\"search_term_string\"}}],\"inLanguage\":\"en-US\"},{\"@type\":\"Organization\",\"@id\":\"https:\\\/\\\/laroze.com\\\/en\\\/#organization\",\"name\":\"Ch\u00e2teau Laroze\",\"url\":\"https:\\\/\\\/laroze.com\\\/en\\\/\",\"logo\":{\"@type\":\"ImageObject\",\"inLanguage\":\"en-US\",\"@id\":\"https:\\\/\\\/laroze.com\\\/en\\\/#\\\/schema\\\/logo\\\/image\\\/\",\"url\":\"https:\\\/\\\/laroze.com\\\/wp-content\\\/uploads\\\/2021\\\/02\\\/logo-laroze-1.png\",\"contentUrl\":\"https:\\\/\\\/laroze.com\\\/wp-content\\\/uploads\\\/2021\\\/02\\\/logo-laroze-1.png\",\"width\":340,\"height\":120,\"caption\":\"Ch\u00e2teau Laroze\"},\"image\":{\"@id\":\"https:\\\/\\\/laroze.com\\\/en\\\/#\\\/schema\\\/logo\\\/image\\\/\"},\"sameAs\":[\"https:\\\/\\\/www.facebook.com\\\/ChateauLarozeFamilleGurchyMeslin\",\"https:\\\/\\\/www.instagram.com\\\/chateaularoze\\\/\",\"https:\\\/\\\/www.linkedin.com\\\/company\\\/chateau-laroze\\\/\",\"https:\\\/\\\/www.youtube.com\\\/channel\\\/UCxfXrxdDM0ZaMeZknKG5nog\"]}]}<\/script>\n<!-- \/ Yoast SEO plugin. -->","yoast_head_json":{"title":"Property identity | Ch\u00e2teau Laroze","robots":{"index":"index","follow":"follow","max-snippet":"max-snippet:-1","max-image-preview":"max-image-preview:large","max-video-preview":"max-video-preview:-1"},"canonical":"https:\/\/laroze.com\/en\/us-and-the-estate\/property-identity\/","og_locale":"en_US","og_type":"article","og_title":"Property identity | Ch\u00e2teau Laroze","og_url":"https:\/\/laroze.com\/en\/us-and-the-estate\/property-identity\/","og_site_name":"Ch\u00e2teau Laroze","article_publisher":"https:\/\/www.facebook.com\/ChateauLarozeFamilleGurchyMeslin","article_modified_time":"2024-10-22T10:30:58+00:00","og_image":[{"width":340,"height":120,"url":"https:\/\/laroze.com\/wp-content\/uploads\/2021\/02\/logo-laroze-1.png","type":"image\/png"}],"twitter_card":"summary_large_image","twitter_misc":{"Est. reading time":"2 minutes"},"schema":{"@context":"https:\/\/schema.org","@graph":[{"@type":"WebPage","@id":"https:\/\/laroze.com\/en\/us-and-the-estate\/property-identity\/","url":"https:\/\/laroze.com\/en\/us-and-the-estate\/property-identity\/","name":"Property identity | Ch\u00e2teau Laroze","isPartOf":{"@id":"https:\/\/laroze.com\/en\/#website"},"datePublished":"2021-03-25T15:49:56+00:00","dateModified":"2024-10-22T10:30:58+00:00","breadcrumb":{"@id":"https:\/\/laroze.com\/en\/us-and-the-estate\/property-identity\/#breadcrumb"},"inLanguage":"en-US","potentialAction":[{"@type":"ReadAction","target":["https:\/\/laroze.com\/en\/us-and-the-estate\/property-identity\/"]}]},{"@type":"BreadcrumbList","@id":"https:\/\/laroze.com\/en\/us-and-the-estate\/property-identity\/#breadcrumb","itemListElement":[{"@type":"ListItem","position":1,"name":"Accueil","item":"https:\/\/laroze.com\/en\/"},{"@type":"ListItem","position":2,"name":"Us and the estate","item":"https:\/\/laroze.com\/en\/us-and-the-estate\/"},{"@type":"ListItem","position":3,"name":"Property identity"}]},{"@type":"WebSite","@id":"https:\/\/laroze.com\/en\/#website","url":"https:\/\/laroze.com\/en\/","name":"Ch\u00e2teau Laroze","description":"Saint \u00c9milion Grand Cru Class\u00e9","publisher":{"@id":"https:\/\/laroze.com\/en\/#organization"},"potentialAction":[{"@type":"SearchAction","target":{"@type":"EntryPoint","urlTemplate":"https:\/\/laroze.com\/en\/?s={search_term_string}"},"query-input":{"@type":"PropertyValueSpecification","valueRequired":true,"valueName":"search_term_string"}}],"inLanguage":"en-US"},{"@type":"Organization","@id":"https:\/\/laroze.com\/en\/#organization","name":"Ch\u00e2teau Laroze","url":"https:\/\/laroze.com\/en\/","logo":{"@type":"ImageObject","inLanguage":"en-US","@id":"https:\/\/laroze.com\/en\/#\/schema\/logo\/image\/","url":"https:\/\/laroze.com\/wp-content\/uploads\/2021\/02\/logo-laroze-1.png","contentUrl":"https:\/\/laroze.com\/wp-content\/uploads\/2021\/02\/logo-laroze-1.png","width":340,"height":120,"caption":"Ch\u00e2teau Laroze"},"image":{"@id":"https:\/\/laroze.com\/en\/#\/schema\/logo\/image\/"},"sameAs":["https:\/\/www.facebook.com\/ChateauLarozeFamilleGurchyMeslin","https:\/\/www.instagram.com\/chateaularoze\/","https:\/\/www.linkedin.com\/company\/chateau-laroze\/","https:\/\/www.youtube.com\/channel\/UCxfXrxdDM0ZaMeZknKG5nog"]}]}},"_links":{"self":[{"href":"https:\/\/laroze.com\/en\/wp-json\/wp\/v2\/pages\/4317","targetHints":{"allow":["GET"]}}],"collection":[{"href":"https:\/\/laroze.com\/en\/wp-json\/wp\/v2\/pages"}],"about":[{"href":"https:\/\/laroze.com\/en\/wp-json\/wp\/v2\/types\/page"}],"author":[{"embeddable":true,"href":"https:\/\/laroze.com\/en\/wp-json\/wp\/v2\/users\/1"}],"replies":[{"embeddable":true,"href":"https:\/\/laroze.com\/en\/wp-json\/wp\/v2\/comments?post=4317"}],"version-history":[{"count":0,"href":"https:\/\/laroze.com\/en\/wp-json\/wp\/v2\/pages\/4317\/revisions"}],"up":[{"embeddable":true,"href":"https:\/\/laroze.com\/en\/wp-json\/wp\/v2\/pages\/4305"}],"wp:attachment":[{"href":"https:\/\/laroze.com\/en\/wp-json\/wp\/v2\/media?parent=4317"}],"curies":[{"name":"wp","href":"https:\/\/api.w.org\/{rel}","templated":true}]}}