{"id":4311,"date":"2021-03-25T16:47:32","date_gmt":"2021-03-25T15:47:32","guid":{"rendered":"https:\/\/laroze.com\/us-and-the-estate\/the-philosophy-of-being-a-trustee\/"},"modified":"2021-05-03T14:14:11","modified_gmt":"2021-05-03T12:14:11","slug":"the-philosophy-of-being-a-trustee","status":"publish","type":"page","link":"https:\/\/laroze.com\/en\/us-and-the-estate\/the-philosophy-of-being-a-trustee\/","title":{"rendered":"The philosophy of being a trustee"},"content":{"rendered":"<div id='depositaires'  class='av-layout-grid-container av-av_layout_row-12a2232ded583e09527fd4f4df3c9e68 entry-content-wrapper main_color av-flex-cells  avia-builder-el-0  el_before_av_submenu  avia-builder-el-first  av-cell-min-height av-cell-min-height-75  container_wrap fullsize'   data-av_minimum_height_pc='75'>\n\n<style type=\"text\/css\" data-created_by=\"avia_inline_auto\" id=\"style-css-av-av_cell_one_half-9a6e93aec20cae50e77c28f77b1620f6\">\n.flex_cell.av-av_cell_one_half-9a6e93aec20cae50e77c28f77b1620f6{\nvertical-align:bottom;\nbackground-color:rgba(0,51,59,0.35);\n}\n.responsive #top #wrap_all .flex_cell.av-av_cell_one_half-9a6e93aec20cae50e77c28f77b1620f6{\npadding:50px 50px 50px 50px !important;\n}\n<\/style>\n<div class='flex_cell av-av_cell_one_half-9a6e93aec20cae50e77c28f77b1620f6 av-gridrow-cell av_one_half no_margin  avia-builder-el-1  el_before_av_cell_one_half  avia-builder-el-first  content-align-bottom'  ><div class='flex_cell_inner'>\n<style type=\"text\/css\" data-created_by=\"avia_inline_auto\" id=\"style-css-av-knimfvwm-5a47924563048f7b21411773db0c3cc9\">\n#top .av_textblock_section.av-knimfvwm-5a47924563048f7b21411773db0c3cc9 .avia_textblock{\ncolor:#ffffff;\n}\n<\/style>\n<section  class='av_textblock_section av-knimfvwm-5a47924563048f7b21411773db0c3cc9 '   itemscope=\"itemscope\" itemtype=\"https:\/\/schema.org\/CreativeWork\" ><div class='avia_textblock av_inherit_color'  itemprop=\"text\" ><h1>The philosophy of being a trustee<\/h1>\n<\/div><\/section>\n<\/div><\/div>\n<style type=\"text\/css\" data-created_by=\"avia_inline_auto\" id=\"style-css-av-av_cell_one_half-9864b129400c9294af83351bccad4c1e\">\n.flex_cell.av-av_cell_one_half-9864b129400c9294af83351bccad4c1e{\nvertical-align:top;\n}\n.responsive #top #wrap_all .flex_cell.av-av_cell_one_half-9864b129400c9294af83351bccad4c1e{\npadding:30px 30px 30px 30px !important;\n}\n<\/style>\n<div class='flex_cell av-av_cell_one_half-9864b129400c9294af83351bccad4c1e av-gridrow-cell av_one_half no_margin av-hide-on-mobile  avia-builder-el-3  el_after_av_cell_one_half  avia-builder-el-last  content-align-top'  ><div class='flex_cell_inner'><\/div><\/div>\n<\/div>\n<div class='clear'><\/div><div id='sous-menu'  class='av-submenu-container av-kk5mxdvh-ef29cc47c51af53d18215046f6ef90be header_color  avia-builder-el-4  el_after_av_layout_row  el_before_av_section  av-sticky-submenu submenu-not-first container_wrap fullsize' style='z-index:301' ><div class='container av-menu-mobile-disabled av-submenu-pos-right'><ul id=\"menu-sous-menu-notre-propriete-anglais\" class=\"av-subnav-menu\" role=\"menu\"><li role=\"menuitem\" id=\"menu-item-4354\" class=\"menu-item menu-item-type-post_type menu-item-object-page menu-item-top-level menu-item-top-level-1\"><a href=\"https:\/\/laroze.com\/en\/us-and-the-estate\/property-identity\/\" itemprop=\"url\" tabindex=\"0\"><span class=\"avia-bullet\"><\/span><span class=\"avia-menu-text\">Property identity<\/span><span class=\"avia-menu-fx\"><span class=\"avia-arrow-wrap\"><span class=\"avia-arrow\"><\/span><\/span><\/span><\/a><\/li>\n<li role=\"menuitem\" id=\"menu-item-4355\" class=\"menu-item menu-item-type-post_type menu-item-object-page menu-item-top-level menu-item-top-level-2\"><a href=\"https:\/\/laroze.com\/en\/us-and-the-estate\/family-spirit\/\" itemprop=\"url\" tabindex=\"0\"><span class=\"avia-bullet\"><\/span><span class=\"avia-menu-text\">Family spirit<\/span><span class=\"avia-menu-fx\"><span class=\"avia-arrow-wrap\"><span class=\"avia-arrow\"><\/span><\/span><\/span><\/a><\/li>\n<li role=\"menuitem\" id=\"menu-item-4356\" class=\"menu-item menu-item-type-post_type menu-item-object-page menu-item-top-level menu-item-top-level-3\"><a href=\"https:\/\/laroze.com\/en\/us-and-the-estate\/the-philosophy-of-being-a-trustee\/\" itemprop=\"url\" tabindex=\"0\"><span class=\"avia-bullet\"><\/span><span class=\"avia-menu-text\">The philosophy of being a trustee<\/span><span class=\"avia-menu-fx\"><span class=\"avia-arrow-wrap\"><span class=\"avia-arrow\"><\/span><\/span><\/span><\/a><\/li>\n<\/ul><\/div><\/div><div class='sticky_placeholder'><\/div>\n\n<style type=\"text\/css\" data-created_by=\"avia_inline_auto\" id=\"style-css-av-av_section-bf505366a48b70cfcb45ed23b9d8f2f0\">\n.avia-section.av-av_section-bf505366a48b70cfcb45ed23b9d8f2f0{\nbackground-color:#fcf8f1;\nbackground-image:unset;\n}\n<\/style>\n<div id='av_section_1'  class='avia-section av-av_section-bf505366a48b70cfcb45ed23b9d8f2f0 main_color avia-section-default avia-no-border-styling  avia-builder-el-5  el_after_av_submenu  el_before_av_layout_row  avia-bg-style-scroll av-minimum-height av-minimum-height-custom av-height-custom  container_wrap fullsize'   data-av_minimum_height_px='600'><div class='container av-section-cont-open' style='height:600px'><div class='template-page content  av-content-full alpha units'><div class='post-entry post-entry-type-page post-entry-4311'><div class='entry-content-wrapper clearfix'>\n<div class='flex_column_table av-av_one_full-0906a95aa488a27defb8a09eac37ad8a sc-av_one_full av-equal-height-column-flextable'>\n<style type=\"text\/css\" data-created_by=\"avia_inline_auto\" id=\"style-css-av-av_one_full-0906a95aa488a27defb8a09eac37ad8a\">\n.flex_column.av-av_one_full-0906a95aa488a27defb8a09eac37ad8a{\nborder-radius:0px 0px 0px 0px;\npadding:5% 0px 0px 0px;\n}\n<\/style>\n<div  class='flex_column av-av_one_full-0906a95aa488a27defb8a09eac37ad8a av_one_full  avia-builder-el-6  el_before_av_one_full  avia-builder-el-first  first no_margin flex_column_table_cell av-equal-height-column av-align-middle av-animated-generic fade-in  '     ><section  class='av_textblock_section av-knimga1d-cb9f135db2dd33695da20b5e5c3e17ec '   itemscope=\"itemscope\" itemtype=\"https:\/\/schema.org\/CreativeWork\" ><div class='avia_textblock'  itemprop=\"text\" ><h2 style=\"text-align: left;\">Because being a trustee is more something you explain than just a status, this video discusses our philosophy here at Laroze.<\/h2>\n<\/div><\/section><\/div><\/div><!--close column table wrapper. Autoclose: 1 --><div class='flex_column_table av-av_one_full-c2c4c6672c859afd08076fe29ffac7ab sc-av_one_full av-equal-height-column-flextable'>\n<style type=\"text\/css\" data-created_by=\"avia_inline_auto\" id=\"style-css-av-av_one_full-c2c4c6672c859afd08076fe29ffac7ab\">\n.flex_column.av-av_one_full-c2c4c6672c859afd08076fe29ffac7ab{\nborder-radius:0px 0px 0px 0px;\npadding:0px 0px 0px 0px;\n}\n<\/style>\n<div  class='flex_column av-av_one_full-c2c4c6672c859afd08076fe29ffac7ab av_one_full  avia-builder-el-8  el_after_av_one_full  el_before_av_one_half  first flex_column_table_cell av-equal-height-column av-align-middle av-animated-generic fade-in av-zero-column-padding  column-top-margin'     ><section  class='av_textblock_section av-knimh5jg-1c13e4d077cfa31a6728f2cd89dc0628 '   itemscope=\"itemscope\" itemtype=\"https:\/\/schema.org\/CreativeWork\" ><div class='avia_textblock'  itemprop=\"text\" ><h3>A great wine is only the fruit of a respectful relationship between man and nature<\/h3>\n<\/div><\/section><br \/>\n<div  class='avia-video av-ko8kdwcf-cfb318e96907bd9f7c22e8a8ea385381 avia-video-16-9 ombre av-no-preview-image avia-video-load-always av-lazyload-immediate av-lazyload-video-embed'  itemprop=\"video\" itemtype=\"https:\/\/schema.org\/VideoObject\"  data-original_url='https:\/\/vimeo.com\/544496364\/2d8382a88f'><script type='text\/html' class='av-video-tmpl'><div class='avia-iframe-wrap'><iframe loading=\"lazy\" title=\"1-un-grand-vin-n-est-que-le-fruit-d-une-relation-respectueuse-entre-l-homme-et-la-nature-en\" src=\"https:\/\/player.vimeo.com\/video\/544496364?dnt=1&amp;app_id=122963&autoplay=0&loop=0&controls=1&muted=0\" width=\"1500\" height=\"844\" frameborder=\"0\" allow=\"autoplay; fullscreen; picture-in-picture\" allowfullscreen><\/iframe><\/div><\/script><div class='av-click-to-play-overlay'><div class=\"avia_playpause_icon\"><\/div><\/div><\/div><\/p><\/div><\/div><!--close column table wrapper. Autoclose: 1 --><div class='flex_column_table av-av_one_half-2552835cb0ea19558d82b8a2d17d25b9 sc-av_one_half av-equal-height-column-flextable'>\n<style type=\"text\/css\" data-created_by=\"avia_inline_auto\" id=\"style-css-av-av_one_half-2552835cb0ea19558d82b8a2d17d25b9\">\n.flex_column.av-av_one_half-2552835cb0ea19558d82b8a2d17d25b9{\nborder-radius:0px 0px 0px 0px;\npadding:0px 0px 0px 0px;\n}\n<\/style>\n<div  class='flex_column av-av_one_half-2552835cb0ea19558d82b8a2d17d25b9 av_one_half  avia-builder-el-11  el_after_av_one_full  el_before_av_one_half  first flex_column_table_cell av-equal-height-column av-align-bottom av-animated-generic fade-in av-zero-column-padding  column-top-margin'     ><section  class='av_textblock_section av-knimhjuz-8d3ed236ec8e7587f510d7cdab84c045 '   itemscope=\"itemscope\" itemtype=\"https:\/\/schema.org\/CreativeWork\" ><div class='avia_textblock'  itemprop=\"text\" ><h3>When modernity and tradition put themselves at the service of reality<\/h3>\n<\/div><\/section><br \/>\n<div  class='avia-video av-ko8ke4yd-d864cd778882f194becd22374264f7dd avia-video-16-9 ombre av-no-preview-image avia-video-load-always av-lazyload-immediate av-lazyload-video-embed'  itemprop=\"video\" itemtype=\"https:\/\/schema.org\/VideoObject\"  data-original_url='https:\/\/vimeo.com\/544496526\/0e14ba0add'><script type='text\/html' class='av-video-tmpl'><div class='avia-iframe-wrap'><iframe loading=\"lazy\" title=\"3-quand-modernite-et-tradition-se-mettent-au-service-de-la-realite-en\" src=\"https:\/\/player.vimeo.com\/video\/544496526?dnt=1&amp;app_id=122963&autoplay=0&loop=0&controls=1&muted=0\" width=\"1500\" height=\"844\" frameborder=\"0\" allow=\"autoplay; fullscreen; picture-in-picture\" allowfullscreen><\/iframe><\/div><\/script><div class='av-click-to-play-overlay'><div class=\"avia_playpause_icon\"><\/div><\/div><\/div><\/p><\/div><div class='av-flex-placeholder'><\/div>\n<style type=\"text\/css\" data-created_by=\"avia_inline_auto\" id=\"style-css-av-av_one_half-f03af818c91aac01cce09b406ebdb587\">\n.flex_column.av-av_one_half-f03af818c91aac01cce09b406ebdb587{\nborder-radius:0px 0px 0px 0px;\npadding:0px 0px 0px 0px;\n}\n<\/style>\n<div  class='flex_column av-av_one_half-f03af818c91aac01cce09b406ebdb587 av_one_half  avia-builder-el-14  el_after_av_one_half  avia-builder-el-last  flex_column_table_cell av-equal-height-column av-align-bottom av-animated-generic fade-in av-zero-column-padding  column-top-margin'     ><section  class='av_textblock_section av-knimhvsj-4f7c91318382fa5b9a39e4c0af00b883 '   itemscope=\"itemscope\" itemtype=\"https:\/\/schema.org\/CreativeWork\" ><div class='avia_textblock'  itemprop=\"text\" ><h3>Modernity and architecture<\/h3>\n<\/div><\/section><br \/>\n<div  class='avia-video av-ko8keba8-a26ace5083f89b89bb7c134848adad5e avia-video-16-9 ombre av-no-preview-image avia-video-load-always av-lazyload-immediate av-lazyload-video-embed'  itemprop=\"video\" itemtype=\"https:\/\/schema.org\/VideoObject\"  data-original_url='https:\/\/vimeo.com\/544496649\/e54be67651'><script type='text\/html' class='av-video-tmpl'><div class='avia-iframe-wrap'><iframe loading=\"lazy\" title=\"4-modernite-et-architecture-en\" src=\"https:\/\/player.vimeo.com\/video\/544496649?dnt=1&amp;app_id=122963&autoplay=0&loop=0&controls=1&muted=0\" width=\"1500\" height=\"844\" frameborder=\"0\" allow=\"autoplay; fullscreen; picture-in-picture\" allowfullscreen><\/iframe><\/div><\/script><div class='av-click-to-play-overlay'><div class=\"avia_playpause_icon\"><\/div><\/div><\/div><\/p><\/div><\/div><!--close column table wrapper. Autoclose: 1 --><\/div><\/div><\/div><!-- close content main div --><\/div><\/div><div id='av-layout-grid-2'  class='av-layout-grid-container av-av_layout_row-1e0024d5d618ece6fd4916c666a07904 entry-content-wrapper main_color av-flex-cells  avia-builder-el-17  el_after_av_section  el_before_av_layout_row  grid-row-not-first av-small-hide av-mini-hide container_wrap fullsize'  >\n\n<style type=\"text\/css\" data-created_by=\"avia_inline_auto\" id=\"style-css-av-av_cell_one_full-60c585bc5f61edb9f4010f335e486a47\">\n.flex_cell.av-av_cell_one_full-60c585bc5f61edb9f4010f335e486a47{\nvertical-align:top;\nbackground-color:rgba(236,222,187,0.2);\n}\n.responsive #top #wrap_all .flex_cell.av-av_cell_one_full-60c585bc5f61edb9f4010f335e486a47{\npadding:25px 25px 25px 25px !important;\n}\n<\/style>\n<div class='flex_cell av-av_cell_one_full-60c585bc5f61edb9f4010f335e486a47 av-gridrow-cell av_one_full no_margin  avia-builder-el-18  avia-builder-el-no-sibling  content-align-top'  ><div class='flex_cell_inner'><\/div><\/div>\n<\/div><\/p>\n<div id='av-layout-grid-3'  class='av-layout-grid-container av-av_layout_row-1e0024d5d618ece6fd4916c666a07904 entry-content-wrapper main_color av-flex-cells  avia-builder-el-19  el_after_av_layout_row  avia-builder-el-last  grid-row-not-first av-small-hide av-mini-hide container_wrap fullsize'  >\n\n<style type=\"text\/css\" data-created_by=\"avia_inline_auto\" id=\"style-css-av-av_cell_one_full-09c3ec1d5bc3a14b6bb873833e81a683\">\n.flex_cell.av-av_cell_one_full-09c3ec1d5bc3a14b6bb873833e81a683{\nvertical-align:top;\nbackground:url(https:\/\/laroze.com\/wp-content\/uploads\/2020\/12\/frise5-1.png) 50% 100% repeat-x scroll rgba(236,222,187,0.2);\n}\n.responsive #top #wrap_all .flex_cell.av-av_cell_one_full-09c3ec1d5bc3a14b6bb873833e81a683{\npadding:25px 25px 25px 25px !important;\n}\n<\/style>\n<div class='flex_cell av-av_cell_one_full-09c3ec1d5bc3a14b6bb873833e81a683 av-gridrow-cell av_one_full no_margin  avia-builder-el-20  avia-builder-el-no-sibling  content-align-top'  ><div class='flex_cell_inner'><\/div><\/div>\n<\/div>\n","protected":false},"excerpt":{"rendered":"","protected":false},"author":1,"featured_media":0,"parent":4305,"menu_order":0,"comment_status":"closed","ping_status":"closed","template":"","meta":{"footnotes":""},"class_list":["post-4311","page","type-page","status-publish","hentry"],"yoast_head":"<!-- This site is optimized with the Yoast SEO plugin v27.3 - https:\/\/yoast.com\/product\/yoast-seo-wordpress\/ -->\n<title>The philosophy of being a trustee | Ch\u00e2teau Laroze<\/title>\n<meta name=\"robots\" content=\"index, follow, max-snippet:-1, max-image-preview:large, max-video-preview:-1\" \/>\n<link rel=\"canonical\" href=\"https:\/\/laroze.com\/en\/us-and-the-estate\/the-philosophy-of-being-a-trustee\/\" \/>\n<meta property=\"og:locale\" content=\"en_US\" \/>\n<meta property=\"og:type\" content=\"article\" \/>\n<meta property=\"og:title\" content=\"The philosophy of being a trustee | Ch\u00e2teau Laroze\" \/>\n<meta property=\"og:url\" content=\"https:\/\/laroze.com\/en\/us-and-the-estate\/the-philosophy-of-being-a-trustee\/\" \/>\n<meta property=\"og:site_name\" content=\"Ch\u00e2teau Laroze\" \/>\n<meta property=\"article:publisher\" content=\"https:\/\/www.facebook.com\/ChateauLarozeFamilleGurchyMeslin\" \/>\n<meta property=\"article:modified_time\" content=\"2021-05-03T12:14:11+00:00\" \/>\n<meta property=\"og:image\" content=\"https:\/\/laroze.com\/wp-content\/uploads\/2021\/02\/logo-laroze-1.png\" \/>\n\t<meta property=\"og:image:width\" content=\"340\" \/>\n\t<meta property=\"og:image:height\" content=\"120\" \/>\n\t<meta property=\"og:image:type\" content=\"image\/png\" \/>\n<meta name=\"twitter:card\" content=\"summary_large_image\" \/>\n<meta name=\"twitter:label1\" content=\"Est. reading time\" \/>\n\t<meta name=\"twitter:data1\" content=\"8 minutes\" \/>\n<script type=\"application\/ld+json\" class=\"yoast-schema-graph\">{\"@context\":\"https:\\\/\\\/schema.org\",\"@graph\":[{\"@type\":\"WebPage\",\"@id\":\"https:\\\/\\\/laroze.com\\\/en\\\/us-and-the-estate\\\/the-philosophy-of-being-a-trustee\\\/\",\"url\":\"https:\\\/\\\/laroze.com\\\/en\\\/us-and-the-estate\\\/the-philosophy-of-being-a-trustee\\\/\",\"name\":\"The philosophy of being a trustee | Ch\u00e2teau Laroze\",\"isPartOf\":{\"@id\":\"https:\\\/\\\/laroze.com\\\/en\\\/#website\"},\"datePublished\":\"2021-03-25T15:47:32+00:00\",\"dateModified\":\"2021-05-03T12:14:11+00:00\",\"breadcrumb\":{\"@id\":\"https:\\\/\\\/laroze.com\\\/en\\\/us-and-the-estate\\\/the-philosophy-of-being-a-trustee\\\/#breadcrumb\"},\"inLanguage\":\"en-US\",\"potentialAction\":[{\"@type\":\"ReadAction\",\"target\":[\"https:\\\/\\\/laroze.com\\\/en\\\/us-and-the-estate\\\/the-philosophy-of-being-a-trustee\\\/\"]}]},{\"@type\":\"BreadcrumbList\",\"@id\":\"https:\\\/\\\/laroze.com\\\/en\\\/us-and-the-estate\\\/the-philosophy-of-being-a-trustee\\\/#breadcrumb\",\"itemListElement\":[{\"@type\":\"ListItem\",\"position\":1,\"name\":\"Accueil\",\"item\":\"https:\\\/\\\/laroze.com\\\/en\\\/\"},{\"@type\":\"ListItem\",\"position\":2,\"name\":\"Us and the estate\",\"item\":\"https:\\\/\\\/laroze.com\\\/en\\\/us-and-the-estate\\\/\"},{\"@type\":\"ListItem\",\"position\":3,\"name\":\"The philosophy of being a trustee\"}]},{\"@type\":\"WebSite\",\"@id\":\"https:\\\/\\\/laroze.com\\\/en\\\/#website\",\"url\":\"https:\\\/\\\/laroze.com\\\/en\\\/\",\"name\":\"Ch\u00e2teau Laroze\",\"description\":\"Saint \u00c9milion Grand Cru Class\u00e9\",\"publisher\":{\"@id\":\"https:\\\/\\\/laroze.com\\\/en\\\/#organization\"},\"potentialAction\":[{\"@type\":\"SearchAction\",\"target\":{\"@type\":\"EntryPoint\",\"urlTemplate\":\"https:\\\/\\\/laroze.com\\\/en\\\/?s={search_term_string}\"},\"query-input\":{\"@type\":\"PropertyValueSpecification\",\"valueRequired\":true,\"valueName\":\"search_term_string\"}}],\"inLanguage\":\"en-US\"},{\"@type\":\"Organization\",\"@id\":\"https:\\\/\\\/laroze.com\\\/en\\\/#organization\",\"name\":\"Ch\u00e2teau Laroze\",\"url\":\"https:\\\/\\\/laroze.com\\\/en\\\/\",\"logo\":{\"@type\":\"ImageObject\",\"inLanguage\":\"en-US\",\"@id\":\"https:\\\/\\\/laroze.com\\\/en\\\/#\\\/schema\\\/logo\\\/image\\\/\",\"url\":\"https:\\\/\\\/laroze.com\\\/wp-content\\\/uploads\\\/2021\\\/02\\\/logo-laroze-1.png\",\"contentUrl\":\"https:\\\/\\\/laroze.com\\\/wp-content\\\/uploads\\\/2021\\\/02\\\/logo-laroze-1.png\",\"width\":340,\"height\":120,\"caption\":\"Ch\u00e2teau Laroze\"},\"image\":{\"@id\":\"https:\\\/\\\/laroze.com\\\/en\\\/#\\\/schema\\\/logo\\\/image\\\/\"},\"sameAs\":[\"https:\\\/\\\/www.facebook.com\\\/ChateauLarozeFamilleGurchyMeslin\",\"https:\\\/\\\/www.instagram.com\\\/chateaularoze\\\/\",\"https:\\\/\\\/www.linkedin.com\\\/company\\\/chateau-laroze\\\/\",\"https:\\\/\\\/www.youtube.com\\\/channel\\\/UCxfXrxdDM0ZaMeZknKG5nog\"]}]}<\/script>\n<!-- \/ Yoast SEO plugin. -->","yoast_head_json":{"title":"The philosophy of being a trustee | Ch\u00e2teau Laroze","robots":{"index":"index","follow":"follow","max-snippet":"max-snippet:-1","max-image-preview":"max-image-preview:large","max-video-preview":"max-video-preview:-1"},"canonical":"https:\/\/laroze.com\/en\/us-and-the-estate\/the-philosophy-of-being-a-trustee\/","og_locale":"en_US","og_type":"article","og_title":"The philosophy of being a trustee | Ch\u00e2teau Laroze","og_url":"https:\/\/laroze.com\/en\/us-and-the-estate\/the-philosophy-of-being-a-trustee\/","og_site_name":"Ch\u00e2teau Laroze","article_publisher":"https:\/\/www.facebook.com\/ChateauLarozeFamilleGurchyMeslin","article_modified_time":"2021-05-03T12:14:11+00:00","og_image":[{"width":340,"height":120,"url":"https:\/\/laroze.com\/wp-content\/uploads\/2021\/02\/logo-laroze-1.png","type":"image\/png"}],"twitter_card":"summary_large_image","twitter_misc":{"Est. reading time":"8 minutes"},"schema":{"@context":"https:\/\/schema.org","@graph":[{"@type":"WebPage","@id":"https:\/\/laroze.com\/en\/us-and-the-estate\/the-philosophy-of-being-a-trustee\/","url":"https:\/\/laroze.com\/en\/us-and-the-estate\/the-philosophy-of-being-a-trustee\/","name":"The philosophy of being a trustee | Ch\u00e2teau Laroze","isPartOf":{"@id":"https:\/\/laroze.com\/en\/#website"},"datePublished":"2021-03-25T15:47:32+00:00","dateModified":"2021-05-03T12:14:11+00:00","breadcrumb":{"@id":"https:\/\/laroze.com\/en\/us-and-the-estate\/the-philosophy-of-being-a-trustee\/#breadcrumb"},"inLanguage":"en-US","potentialAction":[{"@type":"ReadAction","target":["https:\/\/laroze.com\/en\/us-and-the-estate\/the-philosophy-of-being-a-trustee\/"]}]},{"@type":"BreadcrumbList","@id":"https:\/\/laroze.com\/en\/us-and-the-estate\/the-philosophy-of-being-a-trustee\/#breadcrumb","itemListElement":[{"@type":"ListItem","position":1,"name":"Accueil","item":"https:\/\/laroze.com\/en\/"},{"@type":"ListItem","position":2,"name":"Us and the estate","item":"https:\/\/laroze.com\/en\/us-and-the-estate\/"},{"@type":"ListItem","position":3,"name":"The philosophy of being a trustee"}]},{"@type":"WebSite","@id":"https:\/\/laroze.com\/en\/#website","url":"https:\/\/laroze.com\/en\/","name":"Ch\u00e2teau Laroze","description":"Saint \u00c9milion Grand Cru Class\u00e9","publisher":{"@id":"https:\/\/laroze.com\/en\/#organization"},"potentialAction":[{"@type":"SearchAction","target":{"@type":"EntryPoint","urlTemplate":"https:\/\/laroze.com\/en\/?s={search_term_string}"},"query-input":{"@type":"PropertyValueSpecification","valueRequired":true,"valueName":"search_term_string"}}],"inLanguage":"en-US"},{"@type":"Organization","@id":"https:\/\/laroze.com\/en\/#organization","name":"Ch\u00e2teau Laroze","url":"https:\/\/laroze.com\/en\/","logo":{"@type":"ImageObject","inLanguage":"en-US","@id":"https:\/\/laroze.com\/en\/#\/schema\/logo\/image\/","url":"https:\/\/laroze.com\/wp-content\/uploads\/2021\/02\/logo-laroze-1.png","contentUrl":"https:\/\/laroze.com\/wp-content\/uploads\/2021\/02\/logo-laroze-1.png","width":340,"height":120,"caption":"Ch\u00e2teau Laroze"},"image":{"@id":"https:\/\/laroze.com\/en\/#\/schema\/logo\/image\/"},"sameAs":["https:\/\/www.facebook.com\/ChateauLarozeFamilleGurchyMeslin","https:\/\/www.instagram.com\/chateaularoze\/","https:\/\/www.linkedin.com\/company\/chateau-laroze\/","https:\/\/www.youtube.com\/channel\/UCxfXrxdDM0ZaMeZknKG5nog"]}]}},"_links":{"self":[{"href":"https:\/\/laroze.com\/en\/wp-json\/wp\/v2\/pages\/4311","targetHints":{"allow":["GET"]}}],"collection":[{"href":"https:\/\/laroze.com\/en\/wp-json\/wp\/v2\/pages"}],"about":[{"href":"https:\/\/laroze.com\/en\/wp-json\/wp\/v2\/types\/page"}],"author":[{"embeddable":true,"href":"https:\/\/laroze.com\/en\/wp-json\/wp\/v2\/users\/1"}],"replies":[{"embeddable":true,"href":"https:\/\/laroze.com\/en\/wp-json\/wp\/v2\/comments?post=4311"}],"version-history":[{"count":0,"href":"https:\/\/laroze.com\/en\/wp-json\/wp\/v2\/pages\/4311\/revisions"}],"up":[{"embeddable":true,"href":"https:\/\/laroze.com\/en\/wp-json\/wp\/v2\/pages\/4305"}],"wp:attachment":[{"href":"https:\/\/laroze.com\/en\/wp-json\/wp\/v2\/media?parent=4311"}],"curies":[{"name":"wp","href":"https:\/\/api.w.org\/{rel}","templated":true}]}}